{"id":1017,"date":"2023-10-04T13:40:03","date_gmt":"2023-10-04T11:40:03","guid":{"rendered":"https:\/\/pro-g-clean.com\/?page_id=1017"},"modified":"2024-01-12T16:44:22","modified_gmt":"2024-01-12T15:44:22","slug":"nettoyage-de-sol","status":"publish","type":"page","link":"https:\/\/pro-g-clean.com\/index.php\/nettoyage-de-sol\/","title":{"rendered":"Nettoyage de sol"},"content":{"rendered":"\t\t<div data-elementor-type=\"wp-page\" data-elementor-id=\"1017\" class=\"elementor elementor-1017\" data-elementor-post-type=\"page\">\n\t\t\t\t<div class=\"elementor-element elementor-element-2f3acc1e e-flex e-con-boxed e-con e-parent\" data-id=\"2f3acc1e\" data-element_type=\"container\" data-e-type=\"container\" data-settings=\"{&quot;background_background&quot;:&quot;classic&quot;}\">\n\t\t\t\t\t<div class=\"e-con-inner\">\n\t\t\t\t<div class=\"elementor-element elementor-element-3de175e5 elementor-widget elementor-widget-spacer\" data-id=\"3de175e5\" data-element_type=\"widget\" data-e-type=\"widget\" data-widget_type=\"spacer.default\">\n\t\t\t\t<div class=\"elementor-widget-container\">\n\t\t\t\t\t\t\t<div class=\"elementor-spacer\">\n\t\t\t<div class=\"elementor-spacer-inner\"><\/div>\n\t\t<\/div>\n\t\t\t\t\t\t<\/div>\n\t\t\t\t<\/div>\n\t\t\t\t\t<\/div>\n\t\t\t\t<\/div>\n\t\t<div class=\"elementor-element elementor-element-557cd7da e-flex e-con-boxed e-con e-parent\" data-id=\"557cd7da\" data-element_type=\"container\" data-e-type=\"container\" data-settings=\"{&quot;background_background&quot;:&quot;classic&quot;}\">\n\t\t\t\t\t<div class=\"e-con-inner\">\n\t\t<div class=\"elementor-element elementor-element-568438e8 e-con-full e-flex e-con e-child\" data-id=\"568438e8\" data-element_type=\"container\" data-e-type=\"container\" data-settings=\"{&quot;background_background&quot;:&quot;classic&quot;}\">\n\t\t\t\t<div class=\"elementor-element elementor-element-70115517 animated-slow elementor-invisible elementor-widget elementor-widget-heading\" data-id=\"70115517\" data-element_type=\"widget\" data-e-type=\"widget\" data-settings=\"{&quot;_animation&quot;:&quot;slideInUp&quot;}\" data-widget_type=\"heading.default\">\n\t\t\t\t<div class=\"elementor-widget-container\">\n\t\t\t\t\t<h2 class=\"elementor-heading-title elementor-size-default\">Nettoyage des sols<\/h2>\t\t\t\t<\/div>\n\t\t\t\t<\/div>\n\t\t\t\t<div class=\"elementor-element elementor-element-7aeb46c1 animated-slow elementor-invisible elementor-widget elementor-widget-heading\" data-id=\"7aeb46c1\" data-element_type=\"widget\" data-e-type=\"widget\" data-settings=\"{&quot;_animation&quot;:&quot;slideInUp&quot;}\" data-widget_type=\"heading.default\">\n\t\t\t\t<div class=\"elementor-widget-container\">\n\t\t\t\t\t<h2 class=\"elementor-heading-title elementor-size-default\">La Solution Adapt\u00e9e \u00e0 Chaque Surface<\/h2>\t\t\t\t<\/div>\n\t\t\t\t<\/div>\n\t\t\t\t<\/div>\n\t\t<div class=\"elementor-element elementor-element-5f9dbb4c e-con-full e-flex e-con e-child\" data-id=\"5f9dbb4c\" data-element_type=\"container\" data-e-type=\"container\">\n\t\t<div class=\"elementor-element elementor-element-7b05631a animated-slow e-con-full e-flex elementor-invisible e-con e-child\" data-id=\"7b05631a\" data-element_type=\"container\" data-e-type=\"container\" data-settings=\"{&quot;animation&quot;:&quot;fadeInUp&quot;,&quot;animation_delay&quot;:150}\">\n\t\t\t\t<div class=\"elementor-element elementor-element-4c46251f elementor-widget elementor-widget-testimonial\" data-id=\"4c46251f\" data-element_type=\"widget\" data-e-type=\"widget\" data-widget_type=\"testimonial.default\">\n\t\t\t\t<div class=\"elementor-widget-container\">\n\t\t\t\t\t\t\t<div class=\"elementor-testimonial-wrapper\">\n\t\t\t\t\t\t\t<div class=\"elementor-testimonial-content\">Pour les sols carrel\u00e9s, nous utilisons des techniques de nettoyage en profondeur qui \u00e9liminent la salet\u00e9 incrust\u00e9e et les taches tenaces. Notre objectif est de restaurer la brillance naturelle de vos carreaux tout en pr\u00e9servant leur int\u00e9grit\u00e9.<\/div>\n\t\t\t\n\t\t\t\t\t\t<div class=\"elementor-testimonial-meta\">\n\t\t\t\t<div class=\"elementor-testimonial-meta-inner\">\n\t\t\t\t\t\n\t\t\t\t\t\t\t\t\t\t<div class=\"elementor-testimonial-details\">\n\t\t\t\t\t\t\t\t\t\t\t\t\t\t<div class=\"elementor-testimonial-name\">Carrelage et Gr\u00e8s C\u00e9rame <\/div>\n\t\t\t\t\t\t\t\t\t\t\t\t\t\t\t\t\t\t\t<\/div>\n\t\t\t\t\t\t\t\t\t<\/div>\n\t\t\t<\/div>\n\t\t\t\t\t<\/div>\n\t\t\t\t\t\t<\/div>\n\t\t\t\t<\/div>\n\t\t\t\t<\/div>\n\t\t<div class=\"elementor-element elementor-element-5fdb067f animated-slow e-con-full e-flex elementor-invisible e-con e-child\" data-id=\"5fdb067f\" data-element_type=\"container\" data-e-type=\"container\" data-settings=\"{&quot;animation&quot;:&quot;fadeInUp&quot;,&quot;animation_delay&quot;:150}\">\n\t\t\t\t<div class=\"elementor-element elementor-element-86b8b0f elementor-widget elementor-widget-testimonial\" data-id=\"86b8b0f\" data-element_type=\"widget\" data-e-type=\"widget\" data-widget_type=\"testimonial.default\">\n\t\t\t\t<div class=\"elementor-widget-container\">\n\t\t\t\t\t\t\t<div class=\"elementor-testimonial-wrapper\">\n\t\t\t\t\t\t\t<div class=\"elementor-testimonial-content\">Les sols en bois n\u00e9cessitent une approche douce mais efficace. Nous utilisons des produits sp\u00e9cialement formul\u00e9s pour nettoyer en profondeur sans endommager la finition du bois, laissant ainsi vos sols en bois stratifi\u00e9 ou en parquet dans un \u00e9tat optimal.<\/div>\n\t\t\t\n\t\t\t\t\t\t<div class=\"elementor-testimonial-meta\">\n\t\t\t\t<div class=\"elementor-testimonial-meta-inner\">\n\t\t\t\t\t\n\t\t\t\t\t\t\t\t\t\t<div class=\"elementor-testimonial-details\">\n\t\t\t\t\t\t\t\t\t\t\t\t\t\t<div class=\"elementor-testimonial-name\">Parquet et Bois Stratifi\u00e9 <\/div>\n\t\t\t\t\t\t\t\t\t\t\t\t\t\t\t\t\t\t\t<\/div>\n\t\t\t\t\t\t\t\t\t<\/div>\n\t\t\t<\/div>\n\t\t\t\t\t<\/div>\n\t\t\t\t\t\t<\/div>\n\t\t\t\t<\/div>\n\t\t\t\t<\/div>\n\t\t<div class=\"elementor-element elementor-element-22ba8082 animated-slow e-con-full e-flex elementor-invisible e-con e-child\" data-id=\"22ba8082\" data-element_type=\"container\" data-e-type=\"container\" data-settings=\"{&quot;animation&quot;:&quot;fadeInUp&quot;,&quot;animation_delay&quot;:150}\">\n\t\t\t\t<div class=\"elementor-element elementor-element-604358cd elementor-widget elementor-widget-testimonial\" data-id=\"604358cd\" data-element_type=\"widget\" data-e-type=\"widget\" data-widget_type=\"testimonial.default\">\n\t\t\t\t<div class=\"elementor-widget-container\">\n\t\t\t\t\t\t\t<div class=\"elementor-testimonial-wrapper\">\n\t\t\t\t\t\t\t<div class=\"elementor-testimonial-content\">Les sols en b\u00e9ton, qu'ils soient \u00e0 usage r\u00e9sidentiel ou commercial, b\u00e9n\u00e9ficient de nos m\u00e9thodes de nettoyage haute pression pour \u00e9liminer la salet\u00e9 incrust\u00e9e et les taches. Nous restaurons l'apparence propre et fra\u00eeche de votre sol en b\u00e9ton.<\/div>\n\t\t\t\n\t\t\t\t\t\t<div class=\"elementor-testimonial-meta\">\n\t\t\t\t<div class=\"elementor-testimonial-meta-inner\">\n\t\t\t\t\t\n\t\t\t\t\t\t\t\t\t\t<div class=\"elementor-testimonial-details\">\n\t\t\t\t\t\t\t\t\t\t\t\t\t\t<div class=\"elementor-testimonial-name\">Sols en B\u00e9ton<\/div>\n\t\t\t\t\t\t\t\t\t\t\t\t\t\t\t\t\t\t\t<\/div>\n\t\t\t\t\t\t\t\t\t<\/div>\n\t\t\t<\/div>\n\t\t\t\t\t<\/div>\n\t\t\t\t\t\t<\/div>\n\t\t\t\t<\/div>\n\t\t\t\t<\/div>\n\t\t<div class=\"elementor-element elementor-element-2384bdc4 animated-slow e-con-full e-flex elementor-invisible e-con e-child\" data-id=\"2384bdc4\" data-element_type=\"container\" data-e-type=\"container\" data-settings=\"{&quot;animation&quot;:&quot;fadeInUp&quot;,&quot;animation_delay&quot;:150}\">\n\t\t\t\t<div class=\"elementor-element elementor-element-289b8f95 elementor-widget elementor-widget-testimonial\" data-id=\"289b8f95\" data-element_type=\"widget\" data-e-type=\"widget\" data-widget_type=\"testimonial.default\">\n\t\t\t\t<div class=\"elementor-widget-container\">\n\t\t\t\t\t\t\t<div class=\"elementor-testimonial-wrapper\">\n\t\t\t\t\t\t\t<div class=\"elementor-testimonial-content\">Nos professionnels savent comment traiter la moquette et les tapis en profondeur pour \u00e9liminer les allerg\u00e8nes, les poussi\u00e8res et les taches. Nous utilisons des techniques de nettoyage \u00e0 sec ou par extraction, selon les besoins de vos rev\u00eatements textiles.<\/div>\n\t\t\t\n\t\t\t\t\t\t<div class=\"elementor-testimonial-meta\">\n\t\t\t\t<div class=\"elementor-testimonial-meta-inner\">\n\t\t\t\t\t\n\t\t\t\t\t\t\t\t\t\t<div class=\"elementor-testimonial-details\">\n\t\t\t\t\t\t\t\t\t\t\t\t\t\t<div class=\"elementor-testimonial-name\">Moquette et Tapis<\/div>\n\t\t\t\t\t\t\t\t\t\t\t\t\t\t\t\t\t\t\t<\/div>\n\t\t\t\t\t\t\t\t\t<\/div>\n\t\t\t<\/div>\n\t\t\t\t\t<\/div>\n\t\t\t\t\t\t<\/div>\n\t\t\t\t<\/div>\n\t\t\t\t<\/div>\n\t\t<div class=\"elementor-element elementor-element-7548c577 animated-slow e-con-full e-flex elementor-invisible e-con e-child\" data-id=\"7548c577\" data-element_type=\"container\" data-e-type=\"container\" data-settings=\"{&quot;animation&quot;:&quot;fadeInUp&quot;,&quot;animation_delay&quot;:150}\">\n\t\t\t\t<div class=\"elementor-element elementor-element-44beddc5 elementor-widget elementor-widget-testimonial\" data-id=\"44beddc5\" data-element_type=\"widget\" data-e-type=\"widget\" data-widget_type=\"testimonial.default\">\n\t\t\t\t<div class=\"elementor-widget-container\">\n\t\t\t\t\t\t\t<div class=\"elementor-testimonial-wrapper\">\n\t\t\t\t\t\t\t<div class=\"elementor-testimonial-content\">Pour les sols en vinyle et linol\u00e9um, nous utilisons des produits doux qui nettoient efficacement sans endommager la surface. Nous restaurons la beaut\u00e9 et la propret\u00e9 de ces sols polyvalents.<\/div>\n\t\t\t\n\t\t\t\t\t\t<div class=\"elementor-testimonial-meta\">\n\t\t\t\t<div class=\"elementor-testimonial-meta-inner\">\n\t\t\t\t\t\n\t\t\t\t\t\t\t\t\t\t<div class=\"elementor-testimonial-details\">\n\t\t\t\t\t\t\t\t\t\t\t\t\t\t<div class=\"elementor-testimonial-name\">Sol en Vinyle et Linol\u00e9um<\/div>\n\t\t\t\t\t\t\t\t\t\t\t\t\t\t\t\t\t\t\t<\/div>\n\t\t\t\t\t\t\t\t\t<\/div>\n\t\t\t<\/div>\n\t\t\t\t\t<\/div>\n\t\t\t\t\t\t<\/div>\n\t\t\t\t<\/div>\n\t\t\t\t<\/div>\n\t\t<div class=\"elementor-element elementor-element-6171cbfb animated-slow e-con-full e-flex elementor-invisible e-con e-child\" data-id=\"6171cbfb\" data-element_type=\"container\" data-e-type=\"container\" data-settings=\"{&quot;animation&quot;:&quot;fadeInUp&quot;,&quot;animation_delay&quot;:150}\">\n\t\t\t\t<div class=\"elementor-element elementor-element-17a26357 elementor-widget__width-auto elementor-widget elementor-widget-button\" data-id=\"17a26357\" data-element_type=\"widget\" data-e-type=\"widget\" data-widget_type=\"button.default\">\n\t\t\t\t<div class=\"elementor-widget-container\">\n\t\t\t\t\t\t\t\t\t<div class=\"elementor-button-wrapper\">\n\t\t\t\t\t<a class=\"elementor-button elementor-button-link elementor-size-sm\" href=\"https:\/\/calendly.com\/ludowil3\/rendez-vous\">\n\t\t\t\t\t\t<span class=\"elementor-button-content-wrapper\">\n\t\t\t\t\t\t\t\t\t<span class=\"elementor-button-text\">R\u00e9servation<\/span>\n\t\t\t\t\t<\/span>\n\t\t\t\t\t<\/a>\n\t\t\t\t<\/div>\n\t\t\t\t\t\t\t\t<\/div>\n\t\t\t\t<\/div>\n\t\t\t\t<\/div>\n\t\t\t\t<\/div>\n\t\t\t\t\t<\/div>\n\t\t\t\t<\/div>\n\t\t<div class=\"elementor-element elementor-element-51a29e13 e-flex e-con-boxed e-con e-parent\" data-id=\"51a29e13\" data-element_type=\"container\" data-e-type=\"container\" data-settings=\"{&quot;background_background&quot;:&quot;classic&quot;}\">\n\t\t\t\t\t<div class=\"e-con-inner\">\n\t\t\t\t<div class=\"elementor-element elementor-element-4b3fa67c elementor-widget elementor-widget-button\" data-id=\"4b3fa67c\" data-element_type=\"widget\" data-e-type=\"widget\" data-widget_type=\"button.default\">\n\t\t\t\t<div class=\"elementor-widget-container\">\n\t\t\t\t\t\t\t\t\t<div class=\"elementor-button-wrapper\">\n\t\t\t\t\t<a class=\"elementor-button elementor-button-link elementor-size-sm\" href=\"https:\/\/pro-g-clean.com\/index.php\/nos-differents-services\/\">\n\t\t\t\t\t\t<span class=\"elementor-button-content-wrapper\">\n\t\t\t\t\t\t\t\t\t<span class=\"elementor-button-text\">&lt; Retour<\/span>\n\t\t\t\t\t<\/span>\n\t\t\t\t\t<\/a>\n\t\t\t\t<\/div>\n\t\t\t\t\t\t\t\t<\/div>\n\t\t\t\t<\/div>\n\t\t\t\t\t<\/div>\n\t\t\t\t<\/div>\n\t\t\t\t<\/div>\n\t\t","protected":false},"excerpt":{"rendered":"<p>Nettoyage des sols La Solution Adapt\u00e9e \u00e0 Chaque Surface Pour les sols carrel\u00e9s, nous utilisons des techniques de nettoyage en profondeur qui \u00e9liminent la salet\u00e9 incrust\u00e9e et les taches tenaces. Notre objectif est de restaurer la brillance naturelle de vos carreaux tout en pr\u00e9servant leur int\u00e9grit\u00e9. Carrelage et Gr\u00e8s C\u00e9rame Les sols en bois n\u00e9cessitent [&hellip;]<\/p>\n","protected":false},"author":1,"featured_media":0,"parent":0,"menu_order":0,"comment_status":"closed","ping_status":"closed","template":"","meta":{"site-sidebar-layout":"no-sidebar","site-content-layout":"","ast-site-content-layout":"full-width-container","site-content-style":"default","site-sidebar-style":"default","ast-global-header-display":"","ast-banner-title-visibility":"","ast-main-header-display":"","ast-hfb-above-header-display":"","ast-hfb-below-header-display":"","ast-hfb-mobile-header-display":"","site-post-title":"disabled","ast-breadcrumbs-content":"","ast-featured-img":"disabled","footer-sml-layout":"","ast-disable-related-posts":"","theme-transparent-header-meta":"","adv-header-id-meta":"","stick-header-meta":"","header-above-stick-meta":"","header-main-stick-meta":"","header-below-stick-meta":"","astra-migrate-meta-layouts":"default","ast-page-background-enabled":"default","ast-page-background-meta":{"desktop":{"background-color":"var(--ast-global-color-4)","background-image":"","background-repeat":"repeat","background-position":"center center","background-size":"auto","background-attachment":"scroll","background-type":"","background-media":"","overlay-type":"","overlay-color":"","overlay-opacity":"","overlay-gradient":""},"tablet":{"background-color":"","background-image":"","background-repeat":"repeat","background-position":"center center","background-size":"auto","background-attachment":"scroll","background-type":"","background-media":"","overlay-type":"","overlay-color":"","overlay-opacity":"","overlay-gradient":""},"mobile":{"background-color":"","background-image":"","background-repeat":"repeat","background-position":"center center","background-size":"auto","background-attachment":"scroll","background-type":"","background-media":"","overlay-type":"","overlay-color":"","overlay-opacity":"","overlay-gradient":""}},"ast-content-background-meta":{"desktop":{"background-color":"var(--ast-global-color-5)","background-image":"","background-repeat":"repeat","background-position":"center center","background-size":"auto","background-attachment":"scroll","background-type":"","background-media":"","overlay-type":"","overlay-color":"","overlay-opacity":"","overlay-gradient":""},"tablet":{"background-color":"var(--ast-global-color-5)","background-image":"","background-repeat":"repeat","background-position":"center center","background-size":"auto","background-attachment":"scroll","background-type":"","background-media":"","overlay-type":"","overlay-color":"","overlay-opacity":"","overlay-gradient":""},"mobile":{"background-color":"var(--ast-global-color-5)","background-image":"","background-repeat":"repeat","background-position":"center center","background-size":"auto","background-attachment":"scroll","background-type":"","background-media":"","overlay-type":"","overlay-color":"","overlay-opacity":"","overlay-gradient":""}},"footnotes":""},"class_list":["post-1017","page","type-page","status-publish","hentry"],"yoast_head":"<!-- This site is optimized with the Yoast SEO plugin v27.2 - https:\/\/yoast.com\/product\/yoast-seo-wordpress\/ -->\n<title>Nettoyage de sol - Pro G clean LA SOLUTION ADAPT\u00c9E \u00c0 CHAQUE SURFACE<\/title>\n<meta name=\"description\" content=\"Nettoyage de carrelage et gr\u00e8s c\u00e9rame, Parquet et bois stratifi\u00e9, sols en b\u00e9ton, moquette et tapis, sol en vinyle et linol\u00e9um.\" \/>\n<meta name=\"robots\" content=\"index, follow, max-snippet:-1, max-image-preview:large, max-video-preview:-1\" \/>\n<link rel=\"canonical\" href=\"https:\/\/pro-g-clean.com\/index.php\/nettoyage-de-sol\/\" \/>\n<meta property=\"og:locale\" content=\"fr_FR\" \/>\n<meta property=\"og:type\" content=\"article\" \/>\n<meta property=\"og:title\" content=\"Nettoyage de sol - Pro G clean LA SOLUTION ADAPT\u00c9E \u00c0 CHAQUE SURFACE\" \/>\n<meta property=\"og:description\" content=\"Nettoyage de carrelage et gr\u00e8s c\u00e9rame, Parquet et bois stratifi\u00e9, sols en b\u00e9ton, moquette et tapis, sol en vinyle et linol\u00e9um.\" \/>\n<meta property=\"og:url\" content=\"https:\/\/pro-g-clean.com\/index.php\/nettoyage-de-sol\/\" \/>\n<meta property=\"og:site_name\" content=\"Pro G clean\" \/>\n<meta property=\"article:publisher\" content=\"https:\/\/www.facebook.com\/profile.php?id=61551128102890&amp;locale=fr_FR\" \/>\n<meta property=\"article:modified_time\" content=\"2024-01-12T15:44:22+00:00\" \/>\n<meta name=\"twitter:card\" content=\"summary_large_image\" \/>\n<meta name=\"twitter:label1\" content=\"Dur\u00e9e de lecture estim\u00e9e\" \/>\n\t<meta name=\"twitter:data1\" content=\"2 minutes\" \/>\n<script type=\"application\/ld+json\" class=\"yoast-schema-graph\">{\"@context\":\"https:\/\/schema.org\",\"@graph\":[{\"@type\":\"WebPage\",\"@id\":\"https:\/\/pro-g-clean.com\/index.php\/nettoyage-de-sol\/\",\"url\":\"https:\/\/pro-g-clean.com\/index.php\/nettoyage-de-sol\/\",\"name\":\"Nettoyage de sol - Pro G clean LA SOLUTION ADAPT\u00c9E \u00c0 CHAQUE SURFACE\",\"isPartOf\":{\"@id\":\"https:\/\/pro-g-clean.com\/#website\"},\"datePublished\":\"2023-10-04T11:40:03+00:00\",\"dateModified\":\"2024-01-12T15:44:22+00:00\",\"description\":\"Nettoyage de carrelage et gr\u00e8s c\u00e9rame, Parquet et bois stratifi\u00e9, sols en b\u00e9ton, moquette et tapis, sol en vinyle et linol\u00e9um.\",\"breadcrumb\":{\"@id\":\"https:\/\/pro-g-clean.com\/index.php\/nettoyage-de-sol\/#breadcrumb\"},\"inLanguage\":\"fr-FR\",\"potentialAction\":[{\"@type\":\"ReadAction\",\"target\":[\"https:\/\/pro-g-clean.com\/index.php\/nettoyage-de-sol\/\"]}]},{\"@type\":\"BreadcrumbList\",\"@id\":\"https:\/\/pro-g-clean.com\/index.php\/nettoyage-de-sol\/#breadcrumb\",\"itemListElement\":[{\"@type\":\"ListItem\",\"position\":1,\"name\":\"Accueil\",\"item\":\"https:\/\/pro-g-clean.com\/\"},{\"@type\":\"ListItem\",\"position\":2,\"name\":\"Nettoyage de sol\"}]},{\"@type\":\"WebSite\",\"@id\":\"https:\/\/pro-g-clean.com\/#website\",\"url\":\"https:\/\/pro-g-clean.com\/\",\"name\":\"Pro G clean\",\"description\":\"service de nettoyage Marseille\",\"publisher\":{\"@id\":\"https:\/\/pro-g-clean.com\/#organization\"},\"potentialAction\":[{\"@type\":\"SearchAction\",\"target\":{\"@type\":\"EntryPoint\",\"urlTemplate\":\"https:\/\/pro-g-clean.com\/?s={search_term_string}\"},\"query-input\":{\"@type\":\"PropertyValueSpecification\",\"valueRequired\":true,\"valueName\":\"search_term_string\"}}],\"inLanguage\":\"fr-FR\"},{\"@type\":\"Organization\",\"@id\":\"https:\/\/pro-g-clean.com\/#organization\",\"name\":\"Pro Gclean\",\"alternateName\":\"pro-g-clean\",\"url\":\"https:\/\/pro-g-clean.com\/\",\"logo\":{\"@type\":\"ImageObject\",\"inLanguage\":\"fr-FR\",\"@id\":\"https:\/\/pro-g-clean.com\/#\/schema\/logo\/image\/\",\"url\":\"https:\/\/pro-g-clean.com\/wp-content\/uploads\/2023\/09\/IMG_20230927_104428.jpg\",\"contentUrl\":\"https:\/\/pro-g-clean.com\/wp-content\/uploads\/2023\/09\/IMG_20230927_104428.jpg\",\"width\":720,\"height\":700,\"caption\":\"Pro Gclean\"},\"image\":{\"@id\":\"https:\/\/pro-g-clean.com\/#\/schema\/logo\/image\/\"},\"sameAs\":[\"https:\/\/www.facebook.com\/profile.php?id=61551128102890&locale=fr_FR\"]}]}<\/script>\n<!-- \/ Yoast SEO plugin. -->","yoast_head_json":{"title":"Nettoyage de sol - Pro G clean LA SOLUTION ADAPT\u00c9E \u00c0 CHAQUE SURFACE","description":"Nettoyage de carrelage et gr\u00e8s c\u00e9rame, Parquet et bois stratifi\u00e9, sols en b\u00e9ton, moquette et tapis, sol en vinyle et linol\u00e9um.","robots":{"index":"index","follow":"follow","max-snippet":"max-snippet:-1","max-image-preview":"max-image-preview:large","max-video-preview":"max-video-preview:-1"},"canonical":"https:\/\/pro-g-clean.com\/index.php\/nettoyage-de-sol\/","og_locale":"fr_FR","og_type":"article","og_title":"Nettoyage de sol - Pro G clean LA SOLUTION ADAPT\u00c9E \u00c0 CHAQUE SURFACE","og_description":"Nettoyage de carrelage et gr\u00e8s c\u00e9rame, Parquet et bois stratifi\u00e9, sols en b\u00e9ton, moquette et tapis, sol en vinyle et linol\u00e9um.","og_url":"https:\/\/pro-g-clean.com\/index.php\/nettoyage-de-sol\/","og_site_name":"Pro G clean","article_publisher":"https:\/\/www.facebook.com\/profile.php?id=61551128102890&locale=fr_FR","article_modified_time":"2024-01-12T15:44:22+00:00","twitter_card":"summary_large_image","twitter_misc":{"Dur\u00e9e de lecture estim\u00e9e":"2 minutes"},"schema":{"@context":"https:\/\/schema.org","@graph":[{"@type":"WebPage","@id":"https:\/\/pro-g-clean.com\/index.php\/nettoyage-de-sol\/","url":"https:\/\/pro-g-clean.com\/index.php\/nettoyage-de-sol\/","name":"Nettoyage de sol - Pro G clean LA SOLUTION ADAPT\u00c9E \u00c0 CHAQUE SURFACE","isPartOf":{"@id":"https:\/\/pro-g-clean.com\/#website"},"datePublished":"2023-10-04T11:40:03+00:00","dateModified":"2024-01-12T15:44:22+00:00","description":"Nettoyage de carrelage et gr\u00e8s c\u00e9rame, Parquet et bois stratifi\u00e9, sols en b\u00e9ton, moquette et tapis, sol en vinyle et linol\u00e9um.","breadcrumb":{"@id":"https:\/\/pro-g-clean.com\/index.php\/nettoyage-de-sol\/#breadcrumb"},"inLanguage":"fr-FR","potentialAction":[{"@type":"ReadAction","target":["https:\/\/pro-g-clean.com\/index.php\/nettoyage-de-sol\/"]}]},{"@type":"BreadcrumbList","@id":"https:\/\/pro-g-clean.com\/index.php\/nettoyage-de-sol\/#breadcrumb","itemListElement":[{"@type":"ListItem","position":1,"name":"Accueil","item":"https:\/\/pro-g-clean.com\/"},{"@type":"ListItem","position":2,"name":"Nettoyage de sol"}]},{"@type":"WebSite","@id":"https:\/\/pro-g-clean.com\/#website","url":"https:\/\/pro-g-clean.com\/","name":"Pro G clean","description":"service de nettoyage Marseille","publisher":{"@id":"https:\/\/pro-g-clean.com\/#organization"},"potentialAction":[{"@type":"SearchAction","target":{"@type":"EntryPoint","urlTemplate":"https:\/\/pro-g-clean.com\/?s={search_term_string}"},"query-input":{"@type":"PropertyValueSpecification","valueRequired":true,"valueName":"search_term_string"}}],"inLanguage":"fr-FR"},{"@type":"Organization","@id":"https:\/\/pro-g-clean.com\/#organization","name":"Pro Gclean","alternateName":"pro-g-clean","url":"https:\/\/pro-g-clean.com\/","logo":{"@type":"ImageObject","inLanguage":"fr-FR","@id":"https:\/\/pro-g-clean.com\/#\/schema\/logo\/image\/","url":"https:\/\/pro-g-clean.com\/wp-content\/uploads\/2023\/09\/IMG_20230927_104428.jpg","contentUrl":"https:\/\/pro-g-clean.com\/wp-content\/uploads\/2023\/09\/IMG_20230927_104428.jpg","width":720,"height":700,"caption":"Pro Gclean"},"image":{"@id":"https:\/\/pro-g-clean.com\/#\/schema\/logo\/image\/"},"sameAs":["https:\/\/www.facebook.com\/profile.php?id=61551128102890&locale=fr_FR"]}]}},"_links":{"self":[{"href":"https:\/\/pro-g-clean.com\/index.php\/wp-json\/wp\/v2\/pages\/1017","targetHints":{"allow":["GET"]}}],"collection":[{"href":"https:\/\/pro-g-clean.com\/index.php\/wp-json\/wp\/v2\/pages"}],"about":[{"href":"https:\/\/pro-g-clean.com\/index.php\/wp-json\/wp\/v2\/types\/page"}],"author":[{"embeddable":true,"href":"https:\/\/pro-g-clean.com\/index.php\/wp-json\/wp\/v2\/users\/1"}],"replies":[{"embeddable":true,"href":"https:\/\/pro-g-clean.com\/index.php\/wp-json\/wp\/v2\/comments?post=1017"}],"version-history":[{"count":24,"href":"https:\/\/pro-g-clean.com\/index.php\/wp-json\/wp\/v2\/pages\/1017\/revisions"}],"predecessor-version":[{"id":1713,"href":"https:\/\/pro-g-clean.com\/index.php\/wp-json\/wp\/v2\/pages\/1017\/revisions\/1713"}],"wp:attachment":[{"href":"https:\/\/pro-g-clean.com\/index.php\/wp-json\/wp\/v2\/media?parent=1017"}],"curies":[{"name":"wp","href":"https:\/\/api.w.org\/{rel}","templated":true}]}}