{"id":1484,"date":"2023-10-06T11:37:33","date_gmt":"2023-10-06T09:37:33","guid":{"rendered":"https:\/\/pro-g-clean.com\/?page_id=1484"},"modified":"2023-10-06T12:32:25","modified_gmt":"2023-10-06T10:32:25","slug":"rideaux-metalliques","status":"publish","type":"page","link":"https:\/\/pro-g-clean.com\/index.php\/rideaux-metalliques\/","title":{"rendered":"Rideaux m\u00e9talliques"},"content":{"rendered":"\t\t<div data-elementor-type=\"wp-page\" data-elementor-id=\"1484\" class=\"elementor elementor-1484\" data-elementor-post-type=\"page\">\n\t\t\t\t<div class=\"elementor-element elementor-element-cda51b6 e-flex e-con-boxed e-con e-parent\" data-id=\"cda51b6\" data-element_type=\"container\" data-e-type=\"container\" data-settings=\"{&quot;background_background&quot;:&quot;classic&quot;}\">\n\t\t\t\t\t<div class=\"e-con-inner\">\n\t\t\t\t<div class=\"elementor-element elementor-element-8937177 elementor-widget elementor-widget-spacer\" data-id=\"8937177\" data-element_type=\"widget\" data-e-type=\"widget\" data-widget_type=\"spacer.default\">\n\t\t\t\t<div class=\"elementor-widget-container\">\n\t\t\t\t\t\t\t<div class=\"elementor-spacer\">\n\t\t\t<div class=\"elementor-spacer-inner\"><\/div>\n\t\t<\/div>\n\t\t\t\t\t\t<\/div>\n\t\t\t\t<\/div>\n\t\t\t\t\t<\/div>\n\t\t\t\t<\/div>\n\t\t<div class=\"elementor-element elementor-element-a3be478 e-flex e-con-boxed e-con e-parent\" data-id=\"a3be478\" data-element_type=\"container\" data-e-type=\"container\" data-settings=\"{&quot;background_background&quot;:&quot;classic&quot;}\">\n\t\t\t\t\t<div class=\"e-con-inner\">\n\t\t<div class=\"elementor-element elementor-element-959339b e-con-full e-flex e-con e-child\" data-id=\"959339b\" data-element_type=\"container\" data-e-type=\"container\" data-settings=\"{&quot;background_background&quot;:&quot;classic&quot;}\">\n\t\t\t\t<div class=\"elementor-element elementor-element-b7b97b0 animated-slow elementor-invisible elementor-widget elementor-widget-heading\" data-id=\"b7b97b0\" data-element_type=\"widget\" data-e-type=\"widget\" data-settings=\"{&quot;_animation&quot;:&quot;slideInUp&quot;}\" data-widget_type=\"heading.default\">\n\t\t\t\t<div class=\"elementor-widget-container\">\n\t\t\t\t\t<h2 class=\"elementor-heading-title elementor-size-default\">Rideaux M\u00e9talliques et Volets Roulants<\/h2>\t\t\t\t<\/div>\n\t\t\t\t<\/div>\n\t\t\t\t<div class=\"elementor-element elementor-element-e862dd9 animated-slow elementor-invisible elementor-widget elementor-widget-heading\" data-id=\"e862dd9\" data-element_type=\"widget\" data-e-type=\"widget\" data-settings=\"{&quot;_animation&quot;:&quot;slideInUp&quot;}\" data-widget_type=\"heading.default\">\n\t\t\t\t<div class=\"elementor-widget-container\">\n\t\t\t\t\t<h2 class=\"elementor-heading-title elementor-size-default\">\u00c9clat et Performance Garantis<\/h2>\t\t\t\t<\/div>\n\t\t\t\t<\/div>\n\t\t\t\t<\/div>\n\t\t<div class=\"elementor-element elementor-element-27da12f e-con-full e-flex e-con e-child\" data-id=\"27da12f\" data-element_type=\"container\" data-e-type=\"container\">\n\t\t<div class=\"elementor-element elementor-element-4f0ad30 animated-slow e-con-full e-flex elementor-invisible e-con e-child\" data-id=\"4f0ad30\" data-element_type=\"container\" data-e-type=\"container\" data-settings=\"{&quot;animation&quot;:&quot;fadeInUp&quot;,&quot;animation_delay&quot;:150}\">\n\t\t\t\t<div class=\"elementor-element elementor-element-c6466d5 elementor-widget elementor-widget-testimonial\" data-id=\"c6466d5\" data-element_type=\"widget\" data-e-type=\"widget\" data-widget_type=\"testimonial.default\">\n\t\t\t\t<div class=\"elementor-widget-container\">\n\t\t\t\t\t\t\t<div class=\"elementor-testimonial-wrapper\">\n\t\t\t\t\t\t\t<div class=\"elementor-testimonial-content\"> Nos sp\u00e9cialistes veillent \u00e0 ce que vos rideaux en aluminium retrouvent leur \u00e9clat d'origine, en utilisant des m\u00e9thodes adapt\u00e9es qui pr\u00e9servent leur qualit\u00e9.<\/div>\n\t\t\t\n\t\t\t\t\t\t<div class=\"elementor-testimonial-meta\">\n\t\t\t\t<div class=\"elementor-testimonial-meta-inner\">\n\t\t\t\t\t\n\t\t\t\t\t\t\t\t\t\t<div class=\"elementor-testimonial-details\">\n\t\t\t\t\t\t\t\t\t\t\t\t\t\t<div class=\"elementor-testimonial-name\">Rideaux M\u00e9talliques en Aluminium<\/div>\n\t\t\t\t\t\t\t\t\t\t\t\t\t\t\t\t\t\t\t<\/div>\n\t\t\t\t\t\t\t\t\t<\/div>\n\t\t\t<\/div>\n\t\t\t\t\t<\/div>\n\t\t\t\t\t\t<\/div>\n\t\t\t\t<\/div>\n\t\t\t\t<\/div>\n\t\t<div class=\"elementor-element elementor-element-fe38e6e animated-slow e-con-full e-flex elementor-invisible e-con e-child\" data-id=\"fe38e6e\" data-element_type=\"container\" data-e-type=\"container\" data-settings=\"{&quot;animation&quot;:&quot;fadeInUp&quot;,&quot;animation_delay&quot;:150}\">\n\t\t\t\t<div class=\"elementor-element elementor-element-9652a35 elementor-widget elementor-widget-testimonial\" data-id=\"9652a35\" data-element_type=\"widget\" data-e-type=\"widget\" data-widget_type=\"testimonial.default\">\n\t\t\t\t<div class=\"elementor-widget-container\">\n\t\t\t\t\t\t\t<div class=\"elementor-testimonial-wrapper\">\n\t\t\t\t\t\t\t<div class=\"elementor-testimonial-content\">Nous entretenons avec soin vos volets en PVC, en utilisant des m\u00e9thodes professionnelles pour \u00e9liminer la salet\u00e9 tout en pr\u00e9servant leur int\u00e9grit\u00e9.<\/div>\n\t\t\t\n\t\t\t\t\t\t<div class=\"elementor-testimonial-meta\">\n\t\t\t\t<div class=\"elementor-testimonial-meta-inner\">\n\t\t\t\t\t\n\t\t\t\t\t\t\t\t\t\t<div class=\"elementor-testimonial-details\">\n\t\t\t\t\t\t\t\t\t\t\t\t\t\t<div class=\"elementor-testimonial-name\">Volets Roulants en PVC<\/div>\n\t\t\t\t\t\t\t\t\t\t\t\t\t\t\t\t\t\t\t<\/div>\n\t\t\t\t\t\t\t\t\t<\/div>\n\t\t\t<\/div>\n\t\t\t\t\t<\/div>\n\t\t\t\t\t\t<\/div>\n\t\t\t\t<\/div>\n\t\t\t\t<\/div>\n\t\t<div class=\"elementor-element elementor-element-aa2e258 animated-slow e-con-full e-flex elementor-invisible e-con e-child\" data-id=\"aa2e258\" data-element_type=\"container\" data-e-type=\"container\" data-settings=\"{&quot;animation&quot;:&quot;fadeInUp&quot;,&quot;animation_delay&quot;:150}\">\n\t\t\t\t<div class=\"elementor-element elementor-element-e43c4fb elementor-widget elementor-widget-testimonial\" data-id=\"e43c4fb\" data-element_type=\"widget\" data-e-type=\"widget\" data-widget_type=\"testimonial.default\">\n\t\t\t\t<div class=\"elementor-widget-container\">\n\t\t\t\t\t\t\t<div class=\"elementor-testimonial-wrapper\">\n\t\t\t\t\t\t\t<div class=\"elementor-testimonial-content\"> Nos professionnels assurent un traitement d\u00e9licat pour vos rideaux en acier inoxydable, en utilisant des produits adapt\u00e9s pour un nettoyage optimal.<\/div>\n\t\t\t\n\t\t\t\t\t\t<div class=\"elementor-testimonial-meta\">\n\t\t\t\t<div class=\"elementor-testimonial-meta-inner\">\n\t\t\t\t\t\n\t\t\t\t\t\t\t\t\t\t<div class=\"elementor-testimonial-details\">\n\t\t\t\t\t\t\t\t\t\t\t\t\t\t<div class=\"elementor-testimonial-name\">Rideaux en Acier Inoxydable<\/div>\n\t\t\t\t\t\t\t\t\t\t\t\t\t\t\t\t\t\t\t<\/div>\n\t\t\t\t\t\t\t\t\t<\/div>\n\t\t\t<\/div>\n\t\t\t\t\t<\/div>\n\t\t\t\t\t\t<\/div>\n\t\t\t\t<\/div>\n\t\t\t\t<\/div>\n\t\t<div class=\"elementor-element elementor-element-1e19c6a animated-slow e-con-full e-flex elementor-invisible e-con e-child\" data-id=\"1e19c6a\" data-element_type=\"container\" data-e-type=\"container\" data-settings=\"{&quot;animation&quot;:&quot;fadeInUp&quot;,&quot;animation_delay&quot;:150}\">\n\t\t\t\t<div class=\"elementor-element elementor-element-43d8117 elementor-widget elementor-widget-testimonial\" data-id=\"43d8117\" data-element_type=\"widget\" data-e-type=\"widget\" data-widget_type=\"testimonial.default\">\n\t\t\t\t<div class=\"elementor-widget-container\">\n\t\t\t\t\t\t\t<div class=\"elementor-testimonial-wrapper\">\n\t\t\t\t\t\t\t<div class=\"elementor-testimonial-content\">Nous apportons des soins sp\u00e9cialis\u00e9s \u00e0 vos volets roulants \u00e9lectriques, en veillant \u00e0 pr\u00e9server leur fonctionnement tout en les nettoyant en profondeur.<\/div>\n\t\t\t\n\t\t\t\t\t\t<div class=\"elementor-testimonial-meta\">\n\t\t\t\t<div class=\"elementor-testimonial-meta-inner\">\n\t\t\t\t\t\n\t\t\t\t\t\t\t\t\t\t<div class=\"elementor-testimonial-details\">\n\t\t\t\t\t\t\t\t\t\t\t\t\t\t<div class=\"elementor-testimonial-name\">Volets Roulants \u00c9lectriques<\/div>\n\t\t\t\t\t\t\t\t\t\t\t\t\t\t\t\t\t\t\t<\/div>\n\t\t\t\t\t\t\t\t\t<\/div>\n\t\t\t<\/div>\n\t\t\t\t\t<\/div>\n\t\t\t\t\t\t<\/div>\n\t\t\t\t<\/div>\n\t\t\t\t<\/div>\n\t\t<div class=\"elementor-element elementor-element-ced71d2 animated-slow e-con-full e-flex elementor-invisible e-con e-child\" data-id=\"ced71d2\" data-element_type=\"container\" data-e-type=\"container\" data-settings=\"{&quot;animation&quot;:&quot;fadeInUp&quot;,&quot;animation_delay&quot;:150}\">\n\t\t\t\t<div class=\"elementor-element elementor-element-aeb5104 elementor-widget elementor-widget-testimonial\" data-id=\"aeb5104\" data-element_type=\"widget\" data-e-type=\"widget\" data-widget_type=\"testimonial.default\">\n\t\t\t\t<div class=\"elementor-widget-container\">\n\t\t\t\t\t\t\t<div class=\"elementor-testimonial-wrapper\">\n\t\t\t\t\t\t\t<div class=\"elementor-testimonial-content\"> Nos techniques pr\u00e9cises permettent de nettoyer en douceur chaque lame orientable, garantissant une apparence impeccable.<\/div>\n\t\t\t\n\t\t\t\t\t\t<div class=\"elementor-testimonial-meta\">\n\t\t\t\t<div class=\"elementor-testimonial-meta-inner\">\n\t\t\t\t\t\n\t\t\t\t\t\t\t\t\t\t<div class=\"elementor-testimonial-details\">\n\t\t\t\t\t\t\t\t\t\t\t\t\t\t<div class=\"elementor-testimonial-name\">Volets Roulants \u00e0 Lames Orientables<\/div>\n\t\t\t\t\t\t\t\t\t\t\t\t\t\t\t\t\t\t\t<\/div>\n\t\t\t\t\t\t\t\t\t<\/div>\n\t\t\t<\/div>\n\t\t\t\t\t<\/div>\n\t\t\t\t\t\t<\/div>\n\t\t\t\t<\/div>\n\t\t\t\t<\/div>\n\t\t<div class=\"elementor-element elementor-element-f50c7f2 animated-slow e-con-full e-flex elementor-invisible e-con e-child\" data-id=\"f50c7f2\" data-element_type=\"container\" data-e-type=\"container\" data-settings=\"{&quot;animation&quot;:&quot;fadeInUp&quot;,&quot;animation_delay&quot;:150}\">\n\t\t\t\t<div class=\"elementor-element elementor-element-1dbeb68 elementor-widget elementor-widget-testimonial\" data-id=\"1dbeb68\" data-element_type=\"widget\" data-e-type=\"widget\" data-widget_type=\"testimonial.default\">\n\t\t\t\t<div class=\"elementor-widget-container\">\n\t\t\t\t\t\t\t<div class=\"elementor-testimonial-wrapper\">\n\t\t\t\t\t\t\t<div class=\"elementor-testimonial-content\">Quel que soit le type de rideau m\u00e9tallique ou volet roulant que vous avez, notre \u00e9quipe professionnelle utilise des solutions adapt\u00e9es pour redonner de l'\u00e9clat \u00e0 vos installations.<\/div>\n\t\t\t\n\t\t\t\t\t\t<div class=\"elementor-testimonial-meta\">\n\t\t\t\t<div class=\"elementor-testimonial-meta-inner\">\n\t\t\t\t\t\n\t\t\t\t\t\t\t\t\t\t<div class=\"elementor-testimonial-details\">\n\t\t\t\t\t\t\t\t\t\t\t\t\t\t<div class=\"elementor-testimonial-name\">Rideaux en Tous Genres<\/div>\n\t\t\t\t\t\t\t\t\t\t\t\t\t\t\t\t\t\t\t<\/div>\n\t\t\t\t\t\t\t\t\t<\/div>\n\t\t\t<\/div>\n\t\t\t\t\t<\/div>\n\t\t\t\t\t\t<\/div>\n\t\t\t\t<\/div>\n\t\t\t\t<\/div>\n\t\t<div class=\"elementor-element elementor-element-48fd234 animated-slow e-con-full e-flex elementor-invisible e-con e-child\" data-id=\"48fd234\" data-element_type=\"container\" data-e-type=\"container\" data-settings=\"{&quot;animation&quot;:&quot;fadeInUp&quot;,&quot;animation_delay&quot;:150}\">\n\t\t\t\t<\/div>\n\t\t<div class=\"elementor-element elementor-element-6cea6e7 animated-slow e-con-full e-flex elementor-invisible e-con e-child\" data-id=\"6cea6e7\" data-element_type=\"container\" data-e-type=\"container\" data-settings=\"{&quot;animation&quot;:&quot;fadeInUp&quot;,&quot;animation_delay&quot;:150}\">\n\t\t\t\t<div class=\"elementor-element elementor-element-e393558 elementor-widget__width-auto elementor-widget elementor-widget-button\" data-id=\"e393558\" data-element_type=\"widget\" data-e-type=\"widget\" data-widget_type=\"button.default\">\n\t\t\t\t<div class=\"elementor-widget-container\">\n\t\t\t\t\t\t\t\t\t<div class=\"elementor-button-wrapper\">\n\t\t\t\t\t<a class=\"elementor-button elementor-button-link elementor-size-sm\" href=\"https:\/\/calendly.com\/ludowil3\/rendez-vous\">\n\t\t\t\t\t\t<span class=\"elementor-button-content-wrapper\">\n\t\t\t\t\t\t\t\t\t<span class=\"elementor-button-text\">R\u00e9servation<\/span>\n\t\t\t\t\t<\/span>\n\t\t\t\t\t<\/a>\n\t\t\t\t<\/div>\n\t\t\t\t\t\t\t\t<\/div>\n\t\t\t\t<\/div>\n\t\t\t\t<\/div>\n\t\t\t\t<\/div>\n\t\t\t\t\t<\/div>\n\t\t\t\t<\/div>\n\t\t<div class=\"elementor-element elementor-element-b7c292f e-flex e-con-boxed e-con e-parent\" data-id=\"b7c292f\" data-element_type=\"container\" data-e-type=\"container\" data-settings=\"{&quot;background_background&quot;:&quot;classic&quot;}\">\n\t\t\t\t\t<div class=\"e-con-inner\">\n\t\t\t\t<div class=\"elementor-element elementor-element-2f56325 elementor-widget elementor-widget-button\" data-id=\"2f56325\" data-element_type=\"widget\" data-e-type=\"widget\" data-widget_type=\"button.default\">\n\t\t\t\t<div class=\"elementor-widget-container\">\n\t\t\t\t\t\t\t\t\t<div class=\"elementor-button-wrapper\">\n\t\t\t\t\t<a class=\"elementor-button elementor-button-link elementor-size-sm\" href=\"https:\/\/pro-g-clean.com\/index.php\/nos-differents-services\/\">\n\t\t\t\t\t\t<span class=\"elementor-button-content-wrapper\">\n\t\t\t\t\t\t\t\t\t<span class=\"elementor-button-text\">&lt; Retour<\/span>\n\t\t\t\t\t<\/span>\n\t\t\t\t\t<\/a>\n\t\t\t\t<\/div>\n\t\t\t\t\t\t\t\t<\/div>\n\t\t\t\t<\/div>\n\t\t\t\t\t<\/div>\n\t\t\t\t<\/div>\n\t\t\t\t<\/div>\n\t\t","protected":false},"excerpt":{"rendered":"<p>Rideaux M\u00e9talliques et Volets Roulants \u00c9clat et Performance Garantis Nos sp\u00e9cialistes veillent \u00e0 ce que vos rideaux en aluminium retrouvent leur \u00e9clat d&rsquo;origine, en utilisant des m\u00e9thodes adapt\u00e9es qui pr\u00e9servent leur qualit\u00e9. Rideaux M\u00e9talliques en Aluminium Nous entretenons avec soin vos volets en PVC, en utilisant des m\u00e9thodes professionnelles pour \u00e9liminer la salet\u00e9 tout en [&hellip;]<\/p>\n","protected":false},"author":1,"featured_media":0,"parent":0,"menu_order":0,"comment_status":"closed","ping_status":"closed","template":"","meta":{"site-sidebar-layout":"no-sidebar","site-content-layout":"","ast-site-content-layout":"full-width-container","site-content-style":"default","site-sidebar-style":"default","ast-global-header-display":"","ast-banner-title-visibility":"","ast-main-header-display":"","ast-hfb-above-header-display":"","ast-hfb-below-header-display":"","ast-hfb-mobile-header-display":"","site-post-title":"disabled","ast-breadcrumbs-content":"","ast-featured-img":"disabled","footer-sml-layout":"","ast-disable-related-posts":"","theme-transparent-header-meta":"","adv-header-id-meta":"","stick-header-meta":"","header-above-stick-meta":"","header-main-stick-meta":"","header-below-stick-meta":"","astra-migrate-meta-layouts":"default","ast-page-background-enabled":"default","ast-page-background-meta":{"desktop":{"background-color":"var(--ast-global-color-4)","background-image":"","background-repeat":"repeat","background-position":"center center","background-size":"auto","background-attachment":"scroll","background-type":"","background-media":"","overlay-type":"","overlay-color":"","overlay-opacity":"","overlay-gradient":""},"tablet":{"background-color":"","background-image":"","background-repeat":"repeat","background-position":"center center","background-size":"auto","background-attachment":"scroll","background-type":"","background-media":"","overlay-type":"","overlay-color":"","overlay-opacity":"","overlay-gradient":""},"mobile":{"background-color":"","background-image":"","background-repeat":"repeat","background-position":"center center","background-size":"auto","background-attachment":"scroll","background-type":"","background-media":"","overlay-type":"","overlay-color":"","overlay-opacity":"","overlay-gradient":""}},"ast-content-background-meta":{"desktop":{"background-color":"var(--ast-global-color-5)","background-image":"","background-repeat":"repeat","background-position":"center center","background-size":"auto","background-attachment":"scroll","background-type":"","background-media":"","overlay-type":"","overlay-color":"","overlay-opacity":"","overlay-gradient":""},"tablet":{"background-color":"var(--ast-global-color-5)","background-image":"","background-repeat":"repeat","background-position":"center center","background-size":"auto","background-attachment":"scroll","background-type":"","background-media":"","overlay-type":"","overlay-color":"","overlay-opacity":"","overlay-gradient":""},"mobile":{"background-color":"var(--ast-global-color-5)","background-image":"","background-repeat":"repeat","background-position":"center center","background-size":"auto","background-attachment":"scroll","background-type":"","background-media":"","overlay-type":"","overlay-color":"","overlay-opacity":"","overlay-gradient":""}},"footnotes":""},"class_list":["post-1484","page","type-page","status-publish","hentry"],"yoast_head":"<!-- This site is optimized with the Yoast SEO plugin v27.2 - https:\/\/yoast.com\/product\/yoast-seo-wordpress\/ -->\n<title>Rideaux m\u00e9talliques - Pro G clean<\/title>\n<meta name=\"robots\" content=\"index, follow, max-snippet:-1, max-image-preview:large, max-video-preview:-1\" \/>\n<link rel=\"canonical\" href=\"https:\/\/pro-g-clean.com\/index.php\/rideaux-metalliques\/\" \/>\n<meta property=\"og:locale\" content=\"fr_FR\" \/>\n<meta property=\"og:type\" content=\"article\" \/>\n<meta property=\"og:title\" content=\"Rideaux m\u00e9talliques - Pro G clean\" \/>\n<meta property=\"og:description\" content=\"Rideaux M\u00e9talliques et Volets Roulants \u00c9clat et Performance Garantis Nos sp\u00e9cialistes veillent \u00e0 ce que vos rideaux en aluminium retrouvent leur \u00e9clat d&rsquo;origine, en utilisant des m\u00e9thodes adapt\u00e9es qui pr\u00e9servent leur qualit\u00e9. Rideaux M\u00e9talliques en Aluminium Nous entretenons avec soin vos volets en PVC, en utilisant des m\u00e9thodes professionnelles pour \u00e9liminer la salet\u00e9 tout en [&hellip;]\" \/>\n<meta property=\"og:url\" content=\"https:\/\/pro-g-clean.com\/index.php\/rideaux-metalliques\/\" \/>\n<meta property=\"og:site_name\" content=\"Pro G clean\" \/>\n<meta property=\"article:publisher\" content=\"https:\/\/www.facebook.com\/profile.php?id=61551128102890&amp;locale=fr_FR\" \/>\n<meta property=\"article:modified_time\" content=\"2023-10-06T10:32:25+00:00\" \/>\n<meta name=\"twitter:card\" content=\"summary_large_image\" \/>\n<meta name=\"twitter:label1\" content=\"Dur\u00e9e de lecture estim\u00e9e\" \/>\n\t<meta name=\"twitter:data1\" content=\"1 minute\" \/>\n<script type=\"application\/ld+json\" class=\"yoast-schema-graph\">{\"@context\":\"https:\/\/schema.org\",\"@graph\":[{\"@type\":\"WebPage\",\"@id\":\"https:\/\/pro-g-clean.com\/index.php\/rideaux-metalliques\/\",\"url\":\"https:\/\/pro-g-clean.com\/index.php\/rideaux-metalliques\/\",\"name\":\"Rideaux m\u00e9talliques - Pro G clean\",\"isPartOf\":{\"@id\":\"https:\/\/pro-g-clean.com\/#website\"},\"datePublished\":\"2023-10-06T09:37:33+00:00\",\"dateModified\":\"2023-10-06T10:32:25+00:00\",\"breadcrumb\":{\"@id\":\"https:\/\/pro-g-clean.com\/index.php\/rideaux-metalliques\/#breadcrumb\"},\"inLanguage\":\"fr-FR\",\"potentialAction\":[{\"@type\":\"ReadAction\",\"target\":[\"https:\/\/pro-g-clean.com\/index.php\/rideaux-metalliques\/\"]}]},{\"@type\":\"BreadcrumbList\",\"@id\":\"https:\/\/pro-g-clean.com\/index.php\/rideaux-metalliques\/#breadcrumb\",\"itemListElement\":[{\"@type\":\"ListItem\",\"position\":1,\"name\":\"Accueil\",\"item\":\"https:\/\/pro-g-clean.com\/\"},{\"@type\":\"ListItem\",\"position\":2,\"name\":\"Rideaux m\u00e9talliques\"}]},{\"@type\":\"WebSite\",\"@id\":\"https:\/\/pro-g-clean.com\/#website\",\"url\":\"https:\/\/pro-g-clean.com\/\",\"name\":\"Pro G clean\",\"description\":\"service de nettoyage Marseille\",\"publisher\":{\"@id\":\"https:\/\/pro-g-clean.com\/#organization\"},\"potentialAction\":[{\"@type\":\"SearchAction\",\"target\":{\"@type\":\"EntryPoint\",\"urlTemplate\":\"https:\/\/pro-g-clean.com\/?s={search_term_string}\"},\"query-input\":{\"@type\":\"PropertyValueSpecification\",\"valueRequired\":true,\"valueName\":\"search_term_string\"}}],\"inLanguage\":\"fr-FR\"},{\"@type\":\"Organization\",\"@id\":\"https:\/\/pro-g-clean.com\/#organization\",\"name\":\"Pro Gclean\",\"alternateName\":\"pro-g-clean\",\"url\":\"https:\/\/pro-g-clean.com\/\",\"logo\":{\"@type\":\"ImageObject\",\"inLanguage\":\"fr-FR\",\"@id\":\"https:\/\/pro-g-clean.com\/#\/schema\/logo\/image\/\",\"url\":\"https:\/\/pro-g-clean.com\/wp-content\/uploads\/2023\/09\/IMG_20230927_104428.jpg\",\"contentUrl\":\"https:\/\/pro-g-clean.com\/wp-content\/uploads\/2023\/09\/IMG_20230927_104428.jpg\",\"width\":720,\"height\":700,\"caption\":\"Pro Gclean\"},\"image\":{\"@id\":\"https:\/\/pro-g-clean.com\/#\/schema\/logo\/image\/\"},\"sameAs\":[\"https:\/\/www.facebook.com\/profile.php?id=61551128102890&locale=fr_FR\"]}]}<\/script>\n<!-- \/ Yoast SEO plugin. -->","yoast_head_json":{"title":"Rideaux m\u00e9talliques - Pro G clean","robots":{"index":"index","follow":"follow","max-snippet":"max-snippet:-1","max-image-preview":"max-image-preview:large","max-video-preview":"max-video-preview:-1"},"canonical":"https:\/\/pro-g-clean.com\/index.php\/rideaux-metalliques\/","og_locale":"fr_FR","og_type":"article","og_title":"Rideaux m\u00e9talliques - Pro G clean","og_description":"Rideaux M\u00e9talliques et Volets Roulants \u00c9clat et Performance Garantis Nos sp\u00e9cialistes veillent \u00e0 ce que vos rideaux en aluminium retrouvent leur \u00e9clat d&rsquo;origine, en utilisant des m\u00e9thodes adapt\u00e9es qui pr\u00e9servent leur qualit\u00e9. Rideaux M\u00e9talliques en Aluminium Nous entretenons avec soin vos volets en PVC, en utilisant des m\u00e9thodes professionnelles pour \u00e9liminer la salet\u00e9 tout en [&hellip;]","og_url":"https:\/\/pro-g-clean.com\/index.php\/rideaux-metalliques\/","og_site_name":"Pro G clean","article_publisher":"https:\/\/www.facebook.com\/profile.php?id=61551128102890&locale=fr_FR","article_modified_time":"2023-10-06T10:32:25+00:00","twitter_card":"summary_large_image","twitter_misc":{"Dur\u00e9e de lecture estim\u00e9e":"1 minute"},"schema":{"@context":"https:\/\/schema.org","@graph":[{"@type":"WebPage","@id":"https:\/\/pro-g-clean.com\/index.php\/rideaux-metalliques\/","url":"https:\/\/pro-g-clean.com\/index.php\/rideaux-metalliques\/","name":"Rideaux m\u00e9talliques - Pro G clean","isPartOf":{"@id":"https:\/\/pro-g-clean.com\/#website"},"datePublished":"2023-10-06T09:37:33+00:00","dateModified":"2023-10-06T10:32:25+00:00","breadcrumb":{"@id":"https:\/\/pro-g-clean.com\/index.php\/rideaux-metalliques\/#breadcrumb"},"inLanguage":"fr-FR","potentialAction":[{"@type":"ReadAction","target":["https:\/\/pro-g-clean.com\/index.php\/rideaux-metalliques\/"]}]},{"@type":"BreadcrumbList","@id":"https:\/\/pro-g-clean.com\/index.php\/rideaux-metalliques\/#breadcrumb","itemListElement":[{"@type":"ListItem","position":1,"name":"Accueil","item":"https:\/\/pro-g-clean.com\/"},{"@type":"ListItem","position":2,"name":"Rideaux m\u00e9talliques"}]},{"@type":"WebSite","@id":"https:\/\/pro-g-clean.com\/#website","url":"https:\/\/pro-g-clean.com\/","name":"Pro G clean","description":"service de nettoyage Marseille","publisher":{"@id":"https:\/\/pro-g-clean.com\/#organization"},"potentialAction":[{"@type":"SearchAction","target":{"@type":"EntryPoint","urlTemplate":"https:\/\/pro-g-clean.com\/?s={search_term_string}"},"query-input":{"@type":"PropertyValueSpecification","valueRequired":true,"valueName":"search_term_string"}}],"inLanguage":"fr-FR"},{"@type":"Organization","@id":"https:\/\/pro-g-clean.com\/#organization","name":"Pro Gclean","alternateName":"pro-g-clean","url":"https:\/\/pro-g-clean.com\/","logo":{"@type":"ImageObject","inLanguage":"fr-FR","@id":"https:\/\/pro-g-clean.com\/#\/schema\/logo\/image\/","url":"https:\/\/pro-g-clean.com\/wp-content\/uploads\/2023\/09\/IMG_20230927_104428.jpg","contentUrl":"https:\/\/pro-g-clean.com\/wp-content\/uploads\/2023\/09\/IMG_20230927_104428.jpg","width":720,"height":700,"caption":"Pro Gclean"},"image":{"@id":"https:\/\/pro-g-clean.com\/#\/schema\/logo\/image\/"},"sameAs":["https:\/\/www.facebook.com\/profile.php?id=61551128102890&locale=fr_FR"]}]}},"_links":{"self":[{"href":"https:\/\/pro-g-clean.com\/index.php\/wp-json\/wp\/v2\/pages\/1484","targetHints":{"allow":["GET"]}}],"collection":[{"href":"https:\/\/pro-g-clean.com\/index.php\/wp-json\/wp\/v2\/pages"}],"about":[{"href":"https:\/\/pro-g-clean.com\/index.php\/wp-json\/wp\/v2\/types\/page"}],"author":[{"embeddable":true,"href":"https:\/\/pro-g-clean.com\/index.php\/wp-json\/wp\/v2\/users\/1"}],"replies":[{"embeddable":true,"href":"https:\/\/pro-g-clean.com\/index.php\/wp-json\/wp\/v2\/comments?post=1484"}],"version-history":[{"count":25,"href":"https:\/\/pro-g-clean.com\/index.php\/wp-json\/wp\/v2\/pages\/1484\/revisions"}],"predecessor-version":[{"id":1574,"href":"https:\/\/pro-g-clean.com\/index.php\/wp-json\/wp\/v2\/pages\/1484\/revisions\/1574"}],"wp:attachment":[{"href":"https:\/\/pro-g-clean.com\/index.php\/wp-json\/wp\/v2\/media?parent=1484"}],"curies":[{"name":"wp","href":"https:\/\/api.w.org\/{rel}","templated":true}]}}