{"id":207,"date":"2023-10-02T11:29:52","date_gmt":"2023-10-02T09:29:52","guid":{"rendered":"https:\/\/pro-g-clean.com\/?page_id=207"},"modified":"2024-01-12T16:33:22","modified_gmt":"2024-01-12T15:33:22","slug":"entretien-vitreries","status":"publish","type":"page","link":"https:\/\/pro-g-clean.com\/index.php\/entretien-vitreries\/","title":{"rendered":"Entretien vitreries"},"content":{"rendered":"\t\t<div data-elementor-type=\"wp-page\" data-elementor-id=\"207\" class=\"elementor elementor-207\" data-elementor-post-type=\"page\">\n\t\t\t\t<div class=\"elementor-element elementor-element-6467050 e-flex e-con-boxed e-con e-parent\" data-id=\"6467050\" data-element_type=\"container\" data-e-type=\"container\" data-settings=\"{&quot;background_background&quot;:&quot;classic&quot;}\">\n\t\t\t\t\t<div class=\"e-con-inner\">\n\t\t\t\t<div class=\"elementor-element elementor-element-0ed6477 elementor-widget elementor-widget-spacer\" data-id=\"0ed6477\" data-element_type=\"widget\" data-e-type=\"widget\" data-widget_type=\"spacer.default\">\n\t\t\t\t<div class=\"elementor-widget-container\">\n\t\t\t\t\t\t\t<div class=\"elementor-spacer\">\n\t\t\t<div class=\"elementor-spacer-inner\"><\/div>\n\t\t<\/div>\n\t\t\t\t\t\t<\/div>\n\t\t\t\t<\/div>\n\t\t\t\t\t<\/div>\n\t\t\t\t<\/div>\n\t\t<div class=\"elementor-element elementor-element-5445f4d e-flex e-con-boxed e-con e-parent\" data-id=\"5445f4d\" data-element_type=\"container\" data-e-type=\"container\" data-settings=\"{&quot;background_background&quot;:&quot;classic&quot;}\">\n\t\t\t\t\t<div class=\"e-con-inner\">\n\t\t<div class=\"elementor-element elementor-element-377200fd e-con-full e-flex e-con e-child\" data-id=\"377200fd\" data-element_type=\"container\" data-e-type=\"container\" data-settings=\"{&quot;background_background&quot;:&quot;classic&quot;}\">\n\t\t\t\t<div class=\"elementor-element elementor-element-373163c1 animated-slow elementor-invisible elementor-widget elementor-widget-heading\" data-id=\"373163c1\" data-element_type=\"widget\" data-e-type=\"widget\" data-settings=\"{&quot;_animation&quot;:&quot;slideInUp&quot;}\" data-widget_type=\"heading.default\">\n\t\t\t\t<div class=\"elementor-widget-container\">\n\t\t\t\t\t<h2 class=\"elementor-heading-title elementor-size-default\">Entretien vitreries<\/h2>\t\t\t\t<\/div>\n\t\t\t\t<\/div>\n\t\t\t\t<div class=\"elementor-element elementor-element-2a9aa4ab animated-slow elementor-invisible elementor-widget elementor-widget-heading\" data-id=\"2a9aa4ab\" data-element_type=\"widget\" data-e-type=\"widget\" data-settings=\"{&quot;_animation&quot;:&quot;slideInUp&quot;}\" data-widget_type=\"heading.default\">\n\t\t\t\t<div class=\"elementor-widget-container\">\n\t\t\t\t\t<h2 class=\"elementor-heading-title elementor-size-default\">La Clart\u00e9 \u00e0 Votre Port\u00e9e<\/h2>\t\t\t\t<\/div>\n\t\t\t\t<\/div>\n\t\t\t\t<\/div>\n\t\t<div class=\"elementor-element elementor-element-1cfbfe41 e-con-full e-flex e-con e-child\" data-id=\"1cfbfe41\" data-element_type=\"container\" data-e-type=\"container\">\n\t\t<div class=\"elementor-element elementor-element-2cde9532 animated-slow e-con-full e-flex elementor-invisible e-con e-child\" data-id=\"2cde9532\" data-element_type=\"container\" data-e-type=\"container\" data-settings=\"{&quot;animation&quot;:&quot;fadeInUp&quot;,&quot;animation_delay&quot;:150}\">\n\t\t\t\t<div class=\"elementor-element elementor-element-74988665 elementor-widget elementor-widget-testimonial\" data-id=\"74988665\" data-element_type=\"widget\" data-e-type=\"widget\" data-widget_type=\"testimonial.default\">\n\t\t\t\t<div class=\"elementor-widget-container\">\n\t\t\t\t\t\t\t<div class=\"elementor-testimonial-wrapper\">\n\t\t\t\t\t\t\t<div class=\"elementor-testimonial-content\">Pour les fen\u00eatres standard, baies vitr\u00e9es, et vitres de v\u00e9randas, nous utilisons la m\u00e9thode traditionnelle du lavage \u00e0 l'eau et au d\u00e9tergent doux. Nous nettoyons chaque vitre avec soin, en veillant \u00e0 \u00e9liminer les traces et les taches. Nous utilisons \u00e9galement des raclettes pour un s\u00e9chage sans traces.<\/div>\n\t\t\t\n\t\t\t\t\t\t<div class=\"elementor-testimonial-meta\">\n\t\t\t\t<div class=\"elementor-testimonial-meta-inner\">\n\t\t\t\t\t\n\t\t\t\t\t\t\t\t\t\t<div class=\"elementor-testimonial-details\">\n\t\t\t\t\t\t\t\t\t\t\t\t\t\t<div class=\"elementor-testimonial-name\">Nettoyage de Fen\u00eatres<\/div>\n\t\t\t\t\t\t\t\t\t\t\t\t\t\t\t\t\t\t\t<\/div>\n\t\t\t\t\t\t\t\t\t<\/div>\n\t\t\t<\/div>\n\t\t\t\t\t<\/div>\n\t\t\t\t\t\t<\/div>\n\t\t\t\t<\/div>\n\t\t\t\t<\/div>\n\t\t<div class=\"elementor-element elementor-element-6c7ae9ca animated-slow e-con-full e-flex elementor-invisible e-con e-child\" data-id=\"6c7ae9ca\" data-element_type=\"container\" data-e-type=\"container\" data-settings=\"{&quot;animation&quot;:&quot;fadeInUp&quot;,&quot;animation_delay&quot;:150}\">\n\t\t\t\t<div class=\"elementor-element elementor-element-41777b2e elementor-widget elementor-widget-testimonial\" data-id=\"41777b2e\" data-element_type=\"widget\" data-e-type=\"widget\" data-widget_type=\"testimonial.default\">\n\t\t\t\t<div class=\"elementor-widget-container\">\n\t\t\t\t\t\t\t<div class=\"elementor-testimonial-wrapper\">\n\t\t\t\t\t\t\t<div class=\"elementor-testimonial-content\">Les miroirs n\u00e9cessitent une attention particuli\u00e8re pour \u00e9viter les traces et les taches. Nous utilisons des produits de nettoyage sp\u00e9cifiques pour les miroirs et une technique de polissage douce pour obtenir une r\u00e9flexion cristalline.<\/div>\n\t\t\t\n\t\t\t\t\t\t<div class=\"elementor-testimonial-meta\">\n\t\t\t\t<div class=\"elementor-testimonial-meta-inner\">\n\t\t\t\t\t\n\t\t\t\t\t\t\t\t\t\t<div class=\"elementor-testimonial-details\">\n\t\t\t\t\t\t\t\t\t\t\t\t\t\t<div class=\"elementor-testimonial-name\">Polissage des Miroirs<\/div>\n\t\t\t\t\t\t\t\t\t\t\t\t\t\t\t\t\t\t\t<\/div>\n\t\t\t\t\t\t\t\t\t<\/div>\n\t\t\t<\/div>\n\t\t\t\t\t<\/div>\n\t\t\t\t\t\t<\/div>\n\t\t\t\t<\/div>\n\t\t\t\t<\/div>\n\t\t<div class=\"elementor-element elementor-element-7230eb7c animated-slow e-con-full e-flex elementor-invisible e-con e-child\" data-id=\"7230eb7c\" data-element_type=\"container\" data-e-type=\"container\" data-settings=\"{&quot;animation&quot;:&quot;fadeInUp&quot;,&quot;animation_delay&quot;:150}\">\n\t\t\t\t<div class=\"elementor-element elementor-element-29e68622 elementor-widget elementor-widget-testimonial\" data-id=\"29e68622\" data-element_type=\"widget\" data-e-type=\"widget\" data-widget_type=\"testimonial.default\">\n\t\t\t\t<div class=\"elementor-widget-container\">\n\t\t\t\t\t\t\t<div class=\"elementor-testimonial-wrapper\">\n\t\t\t\t\t\t\t<div class=\"elementor-testimonial-content\">Pour les vitrines de magasins, nous utilisons une m\u00e9thode sp\u00e9ciale qui consiste \u00e0 \u00e9liminer les traces laiss\u00e9es par les passants et \u00e0 polir la surface pour une visibilit\u00e9 maximale. Nous assurons \u00e9galement un nettoyage en profondeur des encadrements et des rebords.<\/div>\n\t\t\t\n\t\t\t\t\t\t<div class=\"elementor-testimonial-meta\">\n\t\t\t\t<div class=\"elementor-testimonial-meta-inner\">\n\t\t\t\t\t\n\t\t\t\t\t\t\t\t\t\t<div class=\"elementor-testimonial-details\">\n\t\t\t\t\t\t\t\t\t\t\t\t\t\t<div class=\"elementor-testimonial-name\">Nettoyage de Vitrines de Magasins<\/div>\n\t\t\t\t\t\t\t\t\t\t\t\t\t\t\t\t\t\t\t<\/div>\n\t\t\t\t\t\t\t\t\t<\/div>\n\t\t\t<\/div>\n\t\t\t\t\t<\/div>\n\t\t\t\t\t\t<\/div>\n\t\t\t\t<\/div>\n\t\t\t\t<\/div>\n\t\t<div class=\"elementor-element elementor-element-3a1e9af8 animated-slow e-con-full e-flex elementor-invisible e-con e-child\" data-id=\"3a1e9af8\" data-element_type=\"container\" data-e-type=\"container\" data-settings=\"{&quot;animation&quot;:&quot;fadeInUp&quot;,&quot;animation_delay&quot;:150}\">\n\t\t\t\t<div class=\"elementor-element elementor-element-7aee963f elementor-widget elementor-widget-testimonial\" data-id=\"7aee963f\" data-element_type=\"widget\" data-e-type=\"widget\" data-widget_type=\"testimonial.default\">\n\t\t\t\t<div class=\"elementor-widget-container\">\n\t\t\t\t\t\t\t<div class=\"elementor-testimonial-wrapper\">\n\t\t\t\t\t\t\t<div class=\"elementor-testimonial-content\">Les verri\u00e8res, qu'elles soient int\u00e9rieures ou ext\u00e9rieures, sont nettoy\u00e9es avec des \u00e9quipements sp\u00e9ciaux pour atteindre les endroits en hauteur et les surfaces difficiles d'acc\u00e8s. Nous veillons \u00e0 ce que chaque vitrage soit propre et transparent.<\/div>\n\t\t\t\n\t\t\t\t\t\t<div class=\"elementor-testimonial-meta\">\n\t\t\t\t<div class=\"elementor-testimonial-meta-inner\">\n\t\t\t\t\t\n\t\t\t\t\t\t\t\t\t\t<div class=\"elementor-testimonial-details\">\n\t\t\t\t\t\t\t\t\t\t\t\t\t\t<div class=\"elementor-testimonial-name\">Entretien de Verri\u00e8res<\/div>\n\t\t\t\t\t\t\t\t\t\t\t\t\t\t\t\t\t\t\t<\/div>\n\t\t\t\t\t\t\t\t\t<\/div>\n\t\t\t<\/div>\n\t\t\t\t\t<\/div>\n\t\t\t\t\t\t<\/div>\n\t\t\t\t<\/div>\n\t\t\t\t<\/div>\n\t\t<div class=\"elementor-element elementor-element-aaeb452 animated-slow e-con-full e-flex elementor-invisible e-con e-child\" data-id=\"aaeb452\" data-element_type=\"container\" data-e-type=\"container\" data-settings=\"{&quot;animation&quot;:&quot;fadeInUp&quot;,&quot;animation_delay&quot;:150}\">\n\t\t\t\t<div class=\"elementor-element elementor-element-949c828 elementor-widget elementor-widget-testimonial\" data-id=\"949c828\" data-element_type=\"widget\" data-e-type=\"widget\" data-widget_type=\"testimonial.default\">\n\t\t\t\t<div class=\"elementor-widget-container\">\n\t\t\t\t\t\t\t<div class=\"elementor-testimonial-wrapper\">\n\t\t\t\t\t\t\t<div class=\"elementor-testimonial-content\">Pour les b\u00e2timents vitr\u00e9s, notre expertise en nettoyage de fa\u00e7ades vitr\u00e9es garantit un entretien impeccable qui pr\u00e9serve la beaut\u00e9 architecturale et la luminosit\u00e9 de ces structures uniques.<\/div>\n\t\t\t\n\t\t\t\t\t\t<div class=\"elementor-testimonial-meta\">\n\t\t\t\t<div class=\"elementor-testimonial-meta-inner\">\n\t\t\t\t\t\n\t\t\t\t\t\t\t\t\t\t<div class=\"elementor-testimonial-details\">\n\t\t\t\t\t\t\t\t\t\t\t\t\t\t<div class=\"elementor-testimonial-name\">Nettoyage de B\u00e2timents Vitr\u00e9s<\/div>\n\t\t\t\t\t\t\t\t\t\t\t\t\t\t\t\t\t\t\t<\/div>\n\t\t\t\t\t\t\t\t\t<\/div>\n\t\t\t<\/div>\n\t\t\t\t\t<\/div>\n\t\t\t\t\t\t<\/div>\n\t\t\t\t<\/div>\n\t\t\t\t<\/div>\n\t\t<div class=\"elementor-element elementor-element-2285b57 animated-slow e-con-full e-flex elementor-invisible e-con e-child\" data-id=\"2285b57\" data-element_type=\"container\" data-e-type=\"container\" data-settings=\"{&quot;animation&quot;:&quot;fadeInUp&quot;,&quot;animation_delay&quot;:150}\">\n\t\t\t\t<div class=\"elementor-element elementor-element-991fd23 elementor-widget__width-auto elementor-widget elementor-widget-button\" data-id=\"991fd23\" data-element_type=\"widget\" data-e-type=\"widget\" data-widget_type=\"button.default\">\n\t\t\t\t<div class=\"elementor-widget-container\">\n\t\t\t\t\t\t\t\t\t<div class=\"elementor-button-wrapper\">\n\t\t\t\t\t<a class=\"elementor-button elementor-button-link elementor-size-sm\" href=\"https:\/\/calendly.com\/ludowil3\/rendez-vous\">\n\t\t\t\t\t\t<span class=\"elementor-button-content-wrapper\">\n\t\t\t\t\t\t\t\t\t<span class=\"elementor-button-text\">R\u00e9servation<\/span>\n\t\t\t\t\t<\/span>\n\t\t\t\t\t<\/a>\n\t\t\t\t<\/div>\n\t\t\t\t\t\t\t\t<\/div>\n\t\t\t\t<\/div>\n\t\t\t\t<\/div>\n\t\t\t\t<\/div>\n\t\t\t\t\t<\/div>\n\t\t\t\t<\/div>\n\t\t<div class=\"elementor-element elementor-element-15ff175 e-flex e-con-boxed e-con e-parent\" data-id=\"15ff175\" data-element_type=\"container\" data-e-type=\"container\" data-settings=\"{&quot;background_background&quot;:&quot;classic&quot;}\">\n\t\t\t\t\t<div class=\"e-con-inner\">\n\t\t\t\t<div class=\"elementor-element elementor-element-a621b32 elementor-widget elementor-widget-button\" data-id=\"a621b32\" data-element_type=\"widget\" data-e-type=\"widget\" data-widget_type=\"button.default\">\n\t\t\t\t<div class=\"elementor-widget-container\">\n\t\t\t\t\t\t\t\t\t<div class=\"elementor-button-wrapper\">\n\t\t\t\t\t<a class=\"elementor-button elementor-button-link elementor-size-sm\" href=\"https:\/\/pro-g-clean.com\/index.php\/nos-differents-services\/\">\n\t\t\t\t\t\t<span class=\"elementor-button-content-wrapper\">\n\t\t\t\t\t\t\t\t\t<span class=\"elementor-button-text\">&lt; Retour<\/span>\n\t\t\t\t\t<\/span>\n\t\t\t\t\t<\/a>\n\t\t\t\t<\/div>\n\t\t\t\t\t\t\t\t<\/div>\n\t\t\t\t<\/div>\n\t\t\t\t\t<\/div>\n\t\t\t\t<\/div>\n\t\t\t\t<\/div>\n\t\t","protected":false},"excerpt":{"rendered":"<p>Entretien vitreries La Clart\u00e9 \u00e0 Votre Port\u00e9e Pour les fen\u00eatres standard, baies vitr\u00e9es, et vitres de v\u00e9randas, nous utilisons la m\u00e9thode traditionnelle du lavage \u00e0 l&rsquo;eau et au d\u00e9tergent doux. Nous nettoyons chaque vitre avec soin, en veillant \u00e0 \u00e9liminer les traces et les taches. Nous utilisons \u00e9galement des raclettes pour un s\u00e9chage sans traces. [&hellip;]<\/p>\n","protected":false},"author":1,"featured_media":0,"parent":0,"menu_order":0,"comment_status":"closed","ping_status":"closed","template":"","meta":{"site-sidebar-layout":"no-sidebar","site-content-layout":"","ast-site-content-layout":"full-width-container","site-content-style":"default","site-sidebar-style":"default","ast-global-header-display":"","ast-banner-title-visibility":"","ast-main-header-display":"","ast-hfb-above-header-display":"","ast-hfb-below-header-display":"","ast-hfb-mobile-header-display":"","site-post-title":"disabled","ast-breadcrumbs-content":"","ast-featured-img":"disabled","footer-sml-layout":"","ast-disable-related-posts":"","theme-transparent-header-meta":"","adv-header-id-meta":"","stick-header-meta":"","header-above-stick-meta":"","header-main-stick-meta":"","header-below-stick-meta":"","astra-migrate-meta-layouts":"default","ast-page-background-enabled":"default","ast-page-background-meta":{"desktop":{"background-color":"var(--ast-global-color-4)","background-image":"","background-repeat":"repeat","background-position":"center center","background-size":"auto","background-attachment":"scroll","background-type":"","background-media":"","overlay-type":"","overlay-color":"","overlay-opacity":"","overlay-gradient":""},"tablet":{"background-color":"","background-image":"","background-repeat":"repeat","background-position":"center center","background-size":"auto","background-attachment":"scroll","background-type":"","background-media":"","overlay-type":"","overlay-color":"","overlay-opacity":"","overlay-gradient":""},"mobile":{"background-color":"","background-image":"","background-repeat":"repeat","background-position":"center center","background-size":"auto","background-attachment":"scroll","background-type":"","background-media":"","overlay-type":"","overlay-color":"","overlay-opacity":"","overlay-gradient":""}},"ast-content-background-meta":{"desktop":{"background-color":"var(--ast-global-color-5)","background-image":"","background-repeat":"repeat","background-position":"center center","background-size":"auto","background-attachment":"scroll","background-type":"","background-media":"","overlay-type":"","overlay-color":"","overlay-opacity":"","overlay-gradient":""},"tablet":{"background-color":"var(--ast-global-color-5)","background-image":"","background-repeat":"repeat","background-position":"center center","background-size":"auto","background-attachment":"scroll","background-type":"","background-media":"","overlay-type":"","overlay-color":"","overlay-opacity":"","overlay-gradient":""},"mobile":{"background-color":"var(--ast-global-color-5)","background-image":"","background-repeat":"repeat","background-position":"center center","background-size":"auto","background-attachment":"scroll","background-type":"","background-media":"","overlay-type":"","overlay-color":"","overlay-opacity":"","overlay-gradient":""}},"footnotes":""},"class_list":["post-207","page","type-page","status-publish","hentry"],"yoast_head":"<!-- This site is optimized with the Yoast SEO plugin v27.2 - https:\/\/yoast.com\/product\/yoast-seo-wordpress\/ -->\n<title>Entretien vitreries - Pro G clean LA CLART\u00c9 \u00c0 VOTRE PORT\u00c9E<\/title>\n<meta name=\"description\" content=\"Nettoyage des fen\u00eatres, Polissages des miroirs, nettoyage des vitrines de magasin, entretient de verri\u00e8re et nettoyage de b\u00e2timent vitr\u00e9s.\" \/>\n<meta name=\"robots\" content=\"index, follow, max-snippet:-1, max-image-preview:large, max-video-preview:-1\" \/>\n<link rel=\"canonical\" href=\"https:\/\/pro-g-clean.com\/index.php\/entretien-vitreries\/\" \/>\n<meta property=\"og:locale\" content=\"fr_FR\" \/>\n<meta property=\"og:type\" content=\"article\" \/>\n<meta property=\"og:title\" content=\"Entretien vitreries - Pro G clean LA CLART\u00c9 \u00c0 VOTRE PORT\u00c9E\" \/>\n<meta property=\"og:description\" content=\"Nettoyage des fen\u00eatres, Polissages des miroirs, nettoyage des vitrines de magasin, entretient de verri\u00e8re et nettoyage de b\u00e2timent vitr\u00e9s.\" \/>\n<meta property=\"og:url\" content=\"https:\/\/pro-g-clean.com\/index.php\/entretien-vitreries\/\" \/>\n<meta property=\"og:site_name\" content=\"Pro G clean\" \/>\n<meta property=\"article:publisher\" content=\"https:\/\/www.facebook.com\/profile.php?id=61551128102890&amp;locale=fr_FR\" \/>\n<meta property=\"article:modified_time\" content=\"2024-01-12T15:33:22+00:00\" \/>\n<meta name=\"twitter:card\" content=\"summary_large_image\" \/>\n<meta name=\"twitter:label1\" content=\"Dur\u00e9e de lecture estim\u00e9e\" \/>\n\t<meta name=\"twitter:data1\" content=\"2 minutes\" \/>\n<script type=\"application\/ld+json\" class=\"yoast-schema-graph\">{\"@context\":\"https:\/\/schema.org\",\"@graph\":[{\"@type\":\"WebPage\",\"@id\":\"https:\/\/pro-g-clean.com\/index.php\/entretien-vitreries\/\",\"url\":\"https:\/\/pro-g-clean.com\/index.php\/entretien-vitreries\/\",\"name\":\"Entretien vitreries - Pro G clean LA CLART\u00c9 \u00c0 VOTRE PORT\u00c9E\",\"isPartOf\":{\"@id\":\"https:\/\/pro-g-clean.com\/#website\"},\"datePublished\":\"2023-10-02T09:29:52+00:00\",\"dateModified\":\"2024-01-12T15:33:22+00:00\",\"description\":\"Nettoyage des fen\u00eatres, Polissages des miroirs, nettoyage des vitrines de magasin, entretient de verri\u00e8re et nettoyage de b\u00e2timent vitr\u00e9s.\",\"breadcrumb\":{\"@id\":\"https:\/\/pro-g-clean.com\/index.php\/entretien-vitreries\/#breadcrumb\"},\"inLanguage\":\"fr-FR\",\"potentialAction\":[{\"@type\":\"ReadAction\",\"target\":[\"https:\/\/pro-g-clean.com\/index.php\/entretien-vitreries\/\"]}]},{\"@type\":\"BreadcrumbList\",\"@id\":\"https:\/\/pro-g-clean.com\/index.php\/entretien-vitreries\/#breadcrumb\",\"itemListElement\":[{\"@type\":\"ListItem\",\"position\":1,\"name\":\"Accueil\",\"item\":\"https:\/\/pro-g-clean.com\/\"},{\"@type\":\"ListItem\",\"position\":2,\"name\":\"Entretien vitreries\"}]},{\"@type\":\"WebSite\",\"@id\":\"https:\/\/pro-g-clean.com\/#website\",\"url\":\"https:\/\/pro-g-clean.com\/\",\"name\":\"Pro G clean\",\"description\":\"service de nettoyage Marseille\",\"publisher\":{\"@id\":\"https:\/\/pro-g-clean.com\/#organization\"},\"potentialAction\":[{\"@type\":\"SearchAction\",\"target\":{\"@type\":\"EntryPoint\",\"urlTemplate\":\"https:\/\/pro-g-clean.com\/?s={search_term_string}\"},\"query-input\":{\"@type\":\"PropertyValueSpecification\",\"valueRequired\":true,\"valueName\":\"search_term_string\"}}],\"inLanguage\":\"fr-FR\"},{\"@type\":\"Organization\",\"@id\":\"https:\/\/pro-g-clean.com\/#organization\",\"name\":\"Pro Gclean\",\"alternateName\":\"pro-g-clean\",\"url\":\"https:\/\/pro-g-clean.com\/\",\"logo\":{\"@type\":\"ImageObject\",\"inLanguage\":\"fr-FR\",\"@id\":\"https:\/\/pro-g-clean.com\/#\/schema\/logo\/image\/\",\"url\":\"https:\/\/pro-g-clean.com\/wp-content\/uploads\/2023\/09\/IMG_20230927_104428.jpg\",\"contentUrl\":\"https:\/\/pro-g-clean.com\/wp-content\/uploads\/2023\/09\/IMG_20230927_104428.jpg\",\"width\":720,\"height\":700,\"caption\":\"Pro Gclean\"},\"image\":{\"@id\":\"https:\/\/pro-g-clean.com\/#\/schema\/logo\/image\/\"},\"sameAs\":[\"https:\/\/www.facebook.com\/profile.php?id=61551128102890&locale=fr_FR\"]}]}<\/script>\n<!-- \/ Yoast SEO plugin. -->","yoast_head_json":{"title":"Entretien vitreries - Pro G clean LA CLART\u00c9 \u00c0 VOTRE PORT\u00c9E","description":"Nettoyage des fen\u00eatres, Polissages des miroirs, nettoyage des vitrines de magasin, entretient de verri\u00e8re et nettoyage de b\u00e2timent vitr\u00e9s.","robots":{"index":"index","follow":"follow","max-snippet":"max-snippet:-1","max-image-preview":"max-image-preview:large","max-video-preview":"max-video-preview:-1"},"canonical":"https:\/\/pro-g-clean.com\/index.php\/entretien-vitreries\/","og_locale":"fr_FR","og_type":"article","og_title":"Entretien vitreries - Pro G clean LA CLART\u00c9 \u00c0 VOTRE PORT\u00c9E","og_description":"Nettoyage des fen\u00eatres, Polissages des miroirs, nettoyage des vitrines de magasin, entretient de verri\u00e8re et nettoyage de b\u00e2timent vitr\u00e9s.","og_url":"https:\/\/pro-g-clean.com\/index.php\/entretien-vitreries\/","og_site_name":"Pro G clean","article_publisher":"https:\/\/www.facebook.com\/profile.php?id=61551128102890&locale=fr_FR","article_modified_time":"2024-01-12T15:33:22+00:00","twitter_card":"summary_large_image","twitter_misc":{"Dur\u00e9e de lecture estim\u00e9e":"2 minutes"},"schema":{"@context":"https:\/\/schema.org","@graph":[{"@type":"WebPage","@id":"https:\/\/pro-g-clean.com\/index.php\/entretien-vitreries\/","url":"https:\/\/pro-g-clean.com\/index.php\/entretien-vitreries\/","name":"Entretien vitreries - Pro G clean LA CLART\u00c9 \u00c0 VOTRE PORT\u00c9E","isPartOf":{"@id":"https:\/\/pro-g-clean.com\/#website"},"datePublished":"2023-10-02T09:29:52+00:00","dateModified":"2024-01-12T15:33:22+00:00","description":"Nettoyage des fen\u00eatres, Polissages des miroirs, nettoyage des vitrines de magasin, entretient de verri\u00e8re et nettoyage de b\u00e2timent vitr\u00e9s.","breadcrumb":{"@id":"https:\/\/pro-g-clean.com\/index.php\/entretien-vitreries\/#breadcrumb"},"inLanguage":"fr-FR","potentialAction":[{"@type":"ReadAction","target":["https:\/\/pro-g-clean.com\/index.php\/entretien-vitreries\/"]}]},{"@type":"BreadcrumbList","@id":"https:\/\/pro-g-clean.com\/index.php\/entretien-vitreries\/#breadcrumb","itemListElement":[{"@type":"ListItem","position":1,"name":"Accueil","item":"https:\/\/pro-g-clean.com\/"},{"@type":"ListItem","position":2,"name":"Entretien vitreries"}]},{"@type":"WebSite","@id":"https:\/\/pro-g-clean.com\/#website","url":"https:\/\/pro-g-clean.com\/","name":"Pro G clean","description":"service de nettoyage Marseille","publisher":{"@id":"https:\/\/pro-g-clean.com\/#organization"},"potentialAction":[{"@type":"SearchAction","target":{"@type":"EntryPoint","urlTemplate":"https:\/\/pro-g-clean.com\/?s={search_term_string}"},"query-input":{"@type":"PropertyValueSpecification","valueRequired":true,"valueName":"search_term_string"}}],"inLanguage":"fr-FR"},{"@type":"Organization","@id":"https:\/\/pro-g-clean.com\/#organization","name":"Pro Gclean","alternateName":"pro-g-clean","url":"https:\/\/pro-g-clean.com\/","logo":{"@type":"ImageObject","inLanguage":"fr-FR","@id":"https:\/\/pro-g-clean.com\/#\/schema\/logo\/image\/","url":"https:\/\/pro-g-clean.com\/wp-content\/uploads\/2023\/09\/IMG_20230927_104428.jpg","contentUrl":"https:\/\/pro-g-clean.com\/wp-content\/uploads\/2023\/09\/IMG_20230927_104428.jpg","width":720,"height":700,"caption":"Pro Gclean"},"image":{"@id":"https:\/\/pro-g-clean.com\/#\/schema\/logo\/image\/"},"sameAs":["https:\/\/www.facebook.com\/profile.php?id=61551128102890&locale=fr_FR"]}]}},"_links":{"self":[{"href":"https:\/\/pro-g-clean.com\/index.php\/wp-json\/wp\/v2\/pages\/207","targetHints":{"allow":["GET"]}}],"collection":[{"href":"https:\/\/pro-g-clean.com\/index.php\/wp-json\/wp\/v2\/pages"}],"about":[{"href":"https:\/\/pro-g-clean.com\/index.php\/wp-json\/wp\/v2\/types\/page"}],"author":[{"embeddable":true,"href":"https:\/\/pro-g-clean.com\/index.php\/wp-json\/wp\/v2\/users\/1"}],"replies":[{"embeddable":true,"href":"https:\/\/pro-g-clean.com\/index.php\/wp-json\/wp\/v2\/comments?post=207"}],"version-history":[{"count":86,"href":"https:\/\/pro-g-clean.com\/index.php\/wp-json\/wp\/v2\/pages\/207\/revisions"}],"predecessor-version":[{"id":1712,"href":"https:\/\/pro-g-clean.com\/index.php\/wp-json\/wp\/v2\/pages\/207\/revisions\/1712"}],"wp:attachment":[{"href":"https:\/\/pro-g-clean.com\/index.php\/wp-json\/wp\/v2\/media?parent=207"}],"curies":[{"name":"wp","href":"https:\/\/api.w.org\/{rel}","templated":true}]}}