{"id":779,"date":"2023-10-03T14:10:40","date_gmt":"2023-10-03T12:10:40","guid":{"rendered":"https:\/\/pro-g-clean.com\/?page_id=779"},"modified":"2023-10-03T18:32:26","modified_gmt":"2023-10-03T16:32:26","slug":"mentions-legale","status":"publish","type":"page","link":"https:\/\/pro-g-clean.com\/index.php\/mentions-legale\/","title":{"rendered":"Mentions l\u00e9gale"},"content":{"rendered":"\t\t<div data-elementor-type=\"wp-page\" data-elementor-id=\"779\" class=\"elementor elementor-779\" data-elementor-post-type=\"page\">\n\t\t\t\t<div class=\"elementor-element elementor-element-463af25 e-flex e-con-boxed e-con e-parent\" data-id=\"463af25\" data-element_type=\"container\" data-e-type=\"container\" data-settings=\"{&quot;background_background&quot;:&quot;classic&quot;}\">\n\t\t\t\t\t<div class=\"e-con-inner\">\n\t\t\t\t<div class=\"elementor-element elementor-element-4ee91c5 elementor-widget elementor-widget-spacer\" data-id=\"4ee91c5\" data-element_type=\"widget\" data-e-type=\"widget\" data-widget_type=\"spacer.default\">\n\t\t\t\t<div class=\"elementor-widget-container\">\n\t\t\t\t\t\t\t<div class=\"elementor-spacer\">\n\t\t\t<div class=\"elementor-spacer-inner\"><\/div>\n\t\t<\/div>\n\t\t\t\t\t\t<\/div>\n\t\t\t\t<\/div>\n\t\t\t\t\t<\/div>\n\t\t\t\t<\/div>\n\t\t<div class=\"elementor-element elementor-element-5fa9b4a e-flex e-con-boxed e-con e-parent\" data-id=\"5fa9b4a\" data-element_type=\"container\" data-e-type=\"container\" data-settings=\"{&quot;background_background&quot;:&quot;classic&quot;}\">\n\t\t\t\t\t<div class=\"e-con-inner\">\n\t\t\t\t<div class=\"elementor-element elementor-element-328b520 elementor-widget elementor-widget-text-editor\" data-id=\"328b520\" data-element_type=\"widget\" data-e-type=\"widget\" data-widget_type=\"text-editor.default\">\n\t\t\t\t<div class=\"elementor-widget-container\">\n\t\t\t\t\t\t\t\t\t<h1>Mentions l\u00e9gales<\/h1><p>En vigueur au 03\/10\/2023<\/p><p>Conform\u00e9ment aux dispositions des Articles 6-III et 19 de la Loi n\u00b02004-575 du 21 juin 2004 pour la Confiance dans l\u2019\u00e9conomie num\u00e9rique, dite L.C.E.N., il est port\u00e9 \u00e0 la connaissance des utilisateurs et visiteurs, ci-apr\u00e8s l&rsquo; <strong>Utilisateur<\/strong>, du site pro-g-clean.com , ci-apr\u00e8s le <strong>Site<\/strong>, les pr\u00e9sentes mentions l\u00e9gales.<\/p><p>La connexion et la navigation sur le Site par l\u2019Utilisateur implique acceptation int\u00e9grale et sans r\u00e9serve des pr\u00e9sentes mentions l\u00e9gales.<\/p><p>Ces derni\u00e8res sont accessibles sur le Site \u00e0 la rubrique \u00ab <strong>Mentions l\u00e9gales<\/strong> \u00bb.<\/p><h2>ARTICLE 1 &#8211; L&rsquo;\u00c9DITEUR<\/h2><p>L\u2019\u00e9dition et la direction de la publication du Site est assur\u00e9e par Olivier Crozet, domicili\u00e9e 16 traverse Pomegues bat J1, 13008 Marseille, dont le num\u00e9ro de t\u00e9l\u00e9phone est 0652596889, et l&rsquo;adresse e-mail olivier.crozet@laplateforme.io.<\/p><p>Ci-apr\u00e8s l&rsquo;<strong>Editeur<\/strong>.<\/p><h2>ARTICLE 2 &#8211; L&rsquo;H\u00c9BERGEUR<\/h2><p>L&rsquo;h\u00e9bergeur du Site est la soci\u00e9t\u00e9 Hostinger, dont le si\u00e8ge social est situ\u00e9 au HOSTINGER INTERNATIONAL LTD, 61 Lordou Vironos Street, 6023 Larnaca, Chypre , <strong>avec le num\u00e9ro de t\u00e9l\u00e9phone : _______________ + adresse mail de contact<\/strong><\/p><h2>ARTICLE 3 &#8211; ACC\u00c9S AU SITE<\/h2><p>Le Site est accessible en tout endroit, 7j\/7, 24h\/24 sauf cas de force majeure, interruption programm\u00e9e ou non et pouvant d\u00e9coulant d\u2019une n\u00e9cessit\u00e9 de maintenance.<\/p><p>En cas de modification, interruption ou suspension du Site, l&rsquo;Editeur ne saurait \u00eatre tenu responsable.<\/p><h2>ARTICLE 4 &#8211; COLLECTE DES DONN\u00c9ES<\/h2><p>Le Site assure \u00e0 l&rsquo;Utilisateur une collecte et un traitement d&rsquo;informations personnelles dans le respect de la vie priv\u00e9e conform\u00e9ment \u00e0 la loi n\u00b078-17 du 6 janvier 1978 relative \u00e0 l&rsquo;informatique, aux fichiers et aux libert\u00e9s.<\/p><p>En vertu de la loi Informatique et Libert\u00e9s, en date du 6 janvier 1978, l&rsquo;Utilisateur dispose d&rsquo;un droit d&rsquo;acc\u00e8s, de rectification, de suppression et d&rsquo;opposition de ses donn\u00e9es personnelles. L&rsquo;Utilisateur exerce ce droit :<\/p><ul><li>par mail \u00e0 l&rsquo;adresse email contact@pro-g-clean.com<\/li><\/ul><p>Toute utilisation, reproduction, diffusion, commercialisation, modification de toute ou partie du Site, sans autorisation de l\u2019Editeur est prohib\u00e9e et pourra entra\u00een\u00e9e des actions et poursuites judiciaires telles que notamment pr\u00e9vues par le Code de la propri\u00e9t\u00e9 intellectuelle et le Code civil.<\/p><p>R\u00e9dig\u00e9 sur http:\/\/legalplace.fr<\/p>\t\t\t\t\t\t\t\t<\/div>\n\t\t\t\t<\/div>\n\t\t\t\t\t<\/div>\n\t\t\t\t<\/div>\n\t\t<div class=\"elementor-element elementor-element-2673363 e-flex e-con-boxed e-con e-parent\" data-id=\"2673363\" data-element_type=\"container\" data-e-type=\"container\" data-settings=\"{&quot;background_background&quot;:&quot;classic&quot;}\">\n\t\t\t\t\t<div class=\"e-con-inner\">\n\t\t\t\t<div class=\"elementor-element elementor-element-88be66d elementor-widget elementor-widget-button\" data-id=\"88be66d\" data-element_type=\"widget\" data-e-type=\"widget\" data-widget_type=\"button.default\">\n\t\t\t\t<div class=\"elementor-widget-container\">\n\t\t\t\t\t\t\t\t\t<div class=\"elementor-button-wrapper\">\n\t\t\t\t\t<a class=\"elementor-button elementor-button-link elementor-size-sm\" href=\"https:\/\/pro-g-clean.com\/index.php\/accueil\/\">\n\t\t\t\t\t\t<span class=\"elementor-button-content-wrapper\">\n\t\t\t\t\t\t\t\t\t<span class=\"elementor-button-text\">&lt; Accueil<\/span>\n\t\t\t\t\t<\/span>\n\t\t\t\t\t<\/a>\n\t\t\t\t<\/div>\n\t\t\t\t\t\t\t\t<\/div>\n\t\t\t\t<\/div>\n\t\t\t\t\t<\/div>\n\t\t\t\t<\/div>\n\t\t\t\t<\/div>\n\t\t","protected":false},"excerpt":{"rendered":"<p>Mentions l\u00e9gales En vigueur au 03\/10\/2023 Conform\u00e9ment aux dispositions des Articles 6-III et 19 de la Loi n\u00b02004-575 du 21 juin 2004 pour la Confiance dans l\u2019\u00e9conomie num\u00e9rique, dite L.C.E.N., il est port\u00e9 \u00e0 la connaissance des utilisateurs et visiteurs, ci-apr\u00e8s l&rsquo; Utilisateur, du site pro-g-clean.com , ci-apr\u00e8s le Site, les pr\u00e9sentes mentions l\u00e9gales. La [&hellip;]<\/p>\n","protected":false},"author":1,"featured_media":0,"parent":0,"menu_order":0,"comment_status":"closed","ping_status":"closed","template":"","meta":{"site-sidebar-layout":"no-sidebar","site-content-layout":"","ast-site-content-layout":"full-width-container","site-content-style":"default","site-sidebar-style":"default","ast-global-header-display":"","ast-banner-title-visibility":"","ast-main-header-display":"","ast-hfb-above-header-display":"","ast-hfb-below-header-display":"","ast-hfb-mobile-header-display":"","site-post-title":"disabled","ast-breadcrumbs-content":"","ast-featured-img":"disabled","footer-sml-layout":"","ast-disable-related-posts":"","theme-transparent-header-meta":"","adv-header-id-meta":"","stick-header-meta":"","header-above-stick-meta":"","header-main-stick-meta":"","header-below-stick-meta":"","astra-migrate-meta-layouts":"default","ast-page-background-enabled":"default","ast-page-background-meta":{"desktop":{"background-color":"var(--ast-global-color-4)","background-image":"","background-repeat":"repeat","background-position":"center center","background-size":"auto","background-attachment":"scroll","background-type":"","background-media":"","overlay-type":"","overlay-color":"","overlay-opacity":"","overlay-gradient":""},"tablet":{"background-color":"","background-image":"","background-repeat":"repeat","background-position":"center center","background-size":"auto","background-attachment":"scroll","background-type":"","background-media":"","overlay-type":"","overlay-color":"","overlay-opacity":"","overlay-gradient":""},"mobile":{"background-color":"","background-image":"","background-repeat":"repeat","background-position":"center center","background-size":"auto","background-attachment":"scroll","background-type":"","background-media":"","overlay-type":"","overlay-color":"","overlay-opacity":"","overlay-gradient":""}},"ast-content-background-meta":{"desktop":{"background-color":"var(--ast-global-color-5)","background-image":"","background-repeat":"repeat","background-position":"center center","background-size":"auto","background-attachment":"scroll","background-type":"","background-media":"","overlay-type":"","overlay-color":"","overlay-opacity":"","overlay-gradient":""},"tablet":{"background-color":"var(--ast-global-color-5)","background-image":"","background-repeat":"repeat","background-position":"center center","background-size":"auto","background-attachment":"scroll","background-type":"","background-media":"","overlay-type":"","overlay-color":"","overlay-opacity":"","overlay-gradient":""},"mobile":{"background-color":"var(--ast-global-color-5)","background-image":"","background-repeat":"repeat","background-position":"center center","background-size":"auto","background-attachment":"scroll","background-type":"","background-media":"","overlay-type":"","overlay-color":"","overlay-opacity":"","overlay-gradient":""}},"footnotes":""},"class_list":["post-779","page","type-page","status-publish","hentry"],"yoast_head":"<!-- This site is optimized with the Yoast SEO plugin v27.2 - https:\/\/yoast.com\/product\/yoast-seo-wordpress\/ -->\n<title>Mentions l\u00e9gale - Pro G clean<\/title>\n<meta name=\"robots\" content=\"index, follow, max-snippet:-1, max-image-preview:large, max-video-preview:-1\" \/>\n<link rel=\"canonical\" href=\"https:\/\/pro-g-clean.com\/index.php\/mentions-legale\/\" \/>\n<meta property=\"og:locale\" content=\"fr_FR\" \/>\n<meta property=\"og:type\" content=\"article\" \/>\n<meta property=\"og:title\" content=\"Mentions l\u00e9gale - Pro G clean\" \/>\n<meta property=\"og:description\" content=\"Mentions l\u00e9gales En vigueur au 03\/10\/2023 Conform\u00e9ment aux dispositions des Articles 6-III et 19 de la Loi n\u00b02004-575 du 21 juin 2004 pour la Confiance dans l\u2019\u00e9conomie num\u00e9rique, dite L.C.E.N., il est port\u00e9 \u00e0 la connaissance des utilisateurs et visiteurs, ci-apr\u00e8s l&rsquo; Utilisateur, du site pro-g-clean.com , ci-apr\u00e8s le Site, les pr\u00e9sentes mentions l\u00e9gales. La [&hellip;]\" \/>\n<meta property=\"og:url\" content=\"https:\/\/pro-g-clean.com\/index.php\/mentions-legale\/\" \/>\n<meta property=\"og:site_name\" content=\"Pro G clean\" \/>\n<meta property=\"article:publisher\" content=\"https:\/\/www.facebook.com\/profile.php?id=61551128102890&amp;locale=fr_FR\" \/>\n<meta property=\"article:modified_time\" content=\"2023-10-03T16:32:26+00:00\" \/>\n<meta name=\"twitter:card\" content=\"summary_large_image\" \/>\n<meta name=\"twitter:label1\" content=\"Dur\u00e9e de lecture estim\u00e9e\" \/>\n\t<meta name=\"twitter:data1\" content=\"2 minutes\" \/>\n<script type=\"application\/ld+json\" class=\"yoast-schema-graph\">{\"@context\":\"https:\/\/schema.org\",\"@graph\":[{\"@type\":\"WebPage\",\"@id\":\"https:\/\/pro-g-clean.com\/index.php\/mentions-legale\/\",\"url\":\"https:\/\/pro-g-clean.com\/index.php\/mentions-legale\/\",\"name\":\"Mentions l\u00e9gale - Pro G clean\",\"isPartOf\":{\"@id\":\"https:\/\/pro-g-clean.com\/#website\"},\"datePublished\":\"2023-10-03T12:10:40+00:00\",\"dateModified\":\"2023-10-03T16:32:26+00:00\",\"breadcrumb\":{\"@id\":\"https:\/\/pro-g-clean.com\/index.php\/mentions-legale\/#breadcrumb\"},\"inLanguage\":\"fr-FR\",\"potentialAction\":[{\"@type\":\"ReadAction\",\"target\":[\"https:\/\/pro-g-clean.com\/index.php\/mentions-legale\/\"]}]},{\"@type\":\"BreadcrumbList\",\"@id\":\"https:\/\/pro-g-clean.com\/index.php\/mentions-legale\/#breadcrumb\",\"itemListElement\":[{\"@type\":\"ListItem\",\"position\":1,\"name\":\"Accueil\",\"item\":\"https:\/\/pro-g-clean.com\/\"},{\"@type\":\"ListItem\",\"position\":2,\"name\":\"Mentions l\u00e9gale\"}]},{\"@type\":\"WebSite\",\"@id\":\"https:\/\/pro-g-clean.com\/#website\",\"url\":\"https:\/\/pro-g-clean.com\/\",\"name\":\"Pro G clean\",\"description\":\"service de nettoyage Marseille\",\"publisher\":{\"@id\":\"https:\/\/pro-g-clean.com\/#organization\"},\"potentialAction\":[{\"@type\":\"SearchAction\",\"target\":{\"@type\":\"EntryPoint\",\"urlTemplate\":\"https:\/\/pro-g-clean.com\/?s={search_term_string}\"},\"query-input\":{\"@type\":\"PropertyValueSpecification\",\"valueRequired\":true,\"valueName\":\"search_term_string\"}}],\"inLanguage\":\"fr-FR\"},{\"@type\":\"Organization\",\"@id\":\"https:\/\/pro-g-clean.com\/#organization\",\"name\":\"Pro Gclean\",\"alternateName\":\"pro-g-clean\",\"url\":\"https:\/\/pro-g-clean.com\/\",\"logo\":{\"@type\":\"ImageObject\",\"inLanguage\":\"fr-FR\",\"@id\":\"https:\/\/pro-g-clean.com\/#\/schema\/logo\/image\/\",\"url\":\"https:\/\/pro-g-clean.com\/wp-content\/uploads\/2023\/09\/IMG_20230927_104428.jpg\",\"contentUrl\":\"https:\/\/pro-g-clean.com\/wp-content\/uploads\/2023\/09\/IMG_20230927_104428.jpg\",\"width\":720,\"height\":700,\"caption\":\"Pro Gclean\"},\"image\":{\"@id\":\"https:\/\/pro-g-clean.com\/#\/schema\/logo\/image\/\"},\"sameAs\":[\"https:\/\/www.facebook.com\/profile.php?id=61551128102890&locale=fr_FR\"]}]}<\/script>\n<!-- \/ Yoast SEO plugin. -->","yoast_head_json":{"title":"Mentions l\u00e9gale - Pro G clean","robots":{"index":"index","follow":"follow","max-snippet":"max-snippet:-1","max-image-preview":"max-image-preview:large","max-video-preview":"max-video-preview:-1"},"canonical":"https:\/\/pro-g-clean.com\/index.php\/mentions-legale\/","og_locale":"fr_FR","og_type":"article","og_title":"Mentions l\u00e9gale - Pro G clean","og_description":"Mentions l\u00e9gales En vigueur au 03\/10\/2023 Conform\u00e9ment aux dispositions des Articles 6-III et 19 de la Loi n\u00b02004-575 du 21 juin 2004 pour la Confiance dans l\u2019\u00e9conomie num\u00e9rique, dite L.C.E.N., il est port\u00e9 \u00e0 la connaissance des utilisateurs et visiteurs, ci-apr\u00e8s l&rsquo; Utilisateur, du site pro-g-clean.com , ci-apr\u00e8s le Site, les pr\u00e9sentes mentions l\u00e9gales. La [&hellip;]","og_url":"https:\/\/pro-g-clean.com\/index.php\/mentions-legale\/","og_site_name":"Pro G clean","article_publisher":"https:\/\/www.facebook.com\/profile.php?id=61551128102890&locale=fr_FR","article_modified_time":"2023-10-03T16:32:26+00:00","twitter_card":"summary_large_image","twitter_misc":{"Dur\u00e9e de lecture estim\u00e9e":"2 minutes"},"schema":{"@context":"https:\/\/schema.org","@graph":[{"@type":"WebPage","@id":"https:\/\/pro-g-clean.com\/index.php\/mentions-legale\/","url":"https:\/\/pro-g-clean.com\/index.php\/mentions-legale\/","name":"Mentions l\u00e9gale - Pro G clean","isPartOf":{"@id":"https:\/\/pro-g-clean.com\/#website"},"datePublished":"2023-10-03T12:10:40+00:00","dateModified":"2023-10-03T16:32:26+00:00","breadcrumb":{"@id":"https:\/\/pro-g-clean.com\/index.php\/mentions-legale\/#breadcrumb"},"inLanguage":"fr-FR","potentialAction":[{"@type":"ReadAction","target":["https:\/\/pro-g-clean.com\/index.php\/mentions-legale\/"]}]},{"@type":"BreadcrumbList","@id":"https:\/\/pro-g-clean.com\/index.php\/mentions-legale\/#breadcrumb","itemListElement":[{"@type":"ListItem","position":1,"name":"Accueil","item":"https:\/\/pro-g-clean.com\/"},{"@type":"ListItem","position":2,"name":"Mentions l\u00e9gale"}]},{"@type":"WebSite","@id":"https:\/\/pro-g-clean.com\/#website","url":"https:\/\/pro-g-clean.com\/","name":"Pro G clean","description":"service de nettoyage Marseille","publisher":{"@id":"https:\/\/pro-g-clean.com\/#organization"},"potentialAction":[{"@type":"SearchAction","target":{"@type":"EntryPoint","urlTemplate":"https:\/\/pro-g-clean.com\/?s={search_term_string}"},"query-input":{"@type":"PropertyValueSpecification","valueRequired":true,"valueName":"search_term_string"}}],"inLanguage":"fr-FR"},{"@type":"Organization","@id":"https:\/\/pro-g-clean.com\/#organization","name":"Pro Gclean","alternateName":"pro-g-clean","url":"https:\/\/pro-g-clean.com\/","logo":{"@type":"ImageObject","inLanguage":"fr-FR","@id":"https:\/\/pro-g-clean.com\/#\/schema\/logo\/image\/","url":"https:\/\/pro-g-clean.com\/wp-content\/uploads\/2023\/09\/IMG_20230927_104428.jpg","contentUrl":"https:\/\/pro-g-clean.com\/wp-content\/uploads\/2023\/09\/IMG_20230927_104428.jpg","width":720,"height":700,"caption":"Pro Gclean"},"image":{"@id":"https:\/\/pro-g-clean.com\/#\/schema\/logo\/image\/"},"sameAs":["https:\/\/www.facebook.com\/profile.php?id=61551128102890&locale=fr_FR"]}]}},"_links":{"self":[{"href":"https:\/\/pro-g-clean.com\/index.php\/wp-json\/wp\/v2\/pages\/779","targetHints":{"allow":["GET"]}}],"collection":[{"href":"https:\/\/pro-g-clean.com\/index.php\/wp-json\/wp\/v2\/pages"}],"about":[{"href":"https:\/\/pro-g-clean.com\/index.php\/wp-json\/wp\/v2\/types\/page"}],"author":[{"embeddable":true,"href":"https:\/\/pro-g-clean.com\/index.php\/wp-json\/wp\/v2\/users\/1"}],"replies":[{"embeddable":true,"href":"https:\/\/pro-g-clean.com\/index.php\/wp-json\/wp\/v2\/comments?post=779"}],"version-history":[{"count":40,"href":"https:\/\/pro-g-clean.com\/index.php\/wp-json\/wp\/v2\/pages\/779\/revisions"}],"predecessor-version":[{"id":901,"href":"https:\/\/pro-g-clean.com\/index.php\/wp-json\/wp\/v2\/pages\/779\/revisions\/901"}],"wp:attachment":[{"href":"https:\/\/pro-g-clean.com\/index.php\/wp-json\/wp\/v2\/media?parent=779"}],"curies":[{"name":"wp","href":"https:\/\/api.w.org\/{rel}","templated":true}]}}